{"id":85,"date":"2015-12-01T22:27:06","date_gmt":"2015-12-01T21:27:06","guid":{"rendered":"http:\/\/landfrauenverein-merdingen.de\/?page_id=85"},"modified":"2025-03-14T13:50:26","modified_gmt":"2025-03-14T12:50:26","slug":"aktivitaeten","status":"publish","type":"page","link":"https:\/\/landfrauenverein-merdingen.de\/?page_id=85","title":{"rendered":"Aktivit\u00e4ten 2019"},"content":{"rendered":"\n<h2 class=\"wp-block-heading\">2019<\/h2>\n\n\n\n<h2 class=\"wp-block-heading\">Adventsfeier am 10. Dezember 2019<\/h2>\n\n\n\n<p>um 15 Uhr im B\u00fcrgersaal in Merdingen<\/p>\n\n\n\n<figure class=\"wp-block-image size-large\"><img loading=\"lazy\" decoding=\"async\" width=\"630\" height=\"468\" src=\"https:\/\/landfrauenverein-merdingen.de\/wp-content\/uploads\/2020\/01\/Adventsfeier-2019-Begr\u00fc\u00dfung-2-1.jpg\" alt=\"\" class=\"wp-image-2129\" srcset=\"https:\/\/landfrauenverein-merdingen.de\/wp-content\/uploads\/2020\/01\/Adventsfeier-2019-Begr\u00fc\u00dfung-2-1.jpg 630w, https:\/\/landfrauenverein-merdingen.de\/wp-content\/uploads\/2020\/01\/Adventsfeier-2019-Begr\u00fc\u00dfung-2-1-300x223.jpg 300w, https:\/\/landfrauenverein-merdingen.de\/wp-content\/uploads\/2020\/01\/Adventsfeier-2019-Begr\u00fc\u00dfung-2-1-404x300.jpg 404w\" sizes=\"auto, (max-width: 630px) 100vw, 630px\" \/><figcaption class=\"wp-element-caption\">Sigrid und Ilona begr\u00fc\u00dfen die LandFrauen im festlich geschm\u00fcckten B\u00fcrgersaal<br><\/figcaption><\/figure>\n\n\n\n<figure class=\"wp-block-image size-large is-resized\"><img loading=\"lazy\" decoding=\"async\" width=\"290\" height=\"313\" src=\"https:\/\/landfrauenverein-merdingen.de\/wp-content\/uploads\/2020\/01\/Adventsfeier-2019-Andrea.jpg\" alt=\"\" class=\"wp-image-2133\" style=\"width:290px;height:313px\" srcset=\"https:\/\/landfrauenverein-merdingen.de\/wp-content\/uploads\/2020\/01\/Adventsfeier-2019-Andrea.jpg 290w, https:\/\/landfrauenverein-merdingen.de\/wp-content\/uploads\/2020\/01\/Adventsfeier-2019-Andrea-278x300.jpg 278w\" sizes=\"auto, (max-width: 290px) 100vw, 290px\" \/><figcaption class=\"wp-element-caption\">Andrea hatte eine m\u00e4rchenhafte besinnliche Geschichte \u00fcber die Zeit mitgebracht.<\/figcaption><\/figure>\n\n\n\n<figure class=\"wp-block-image size-large\"><img loading=\"lazy\" decoding=\"async\" width=\"292\" height=\"313\" src=\"https:\/\/landfrauenverein-merdingen.de\/wp-content\/uploads\/2020\/01\/Adventsfeier-Vroni-2.jpg\" alt=\"\" class=\"wp-image-2134\" srcset=\"https:\/\/landfrauenverein-merdingen.de\/wp-content\/uploads\/2020\/01\/Adventsfeier-Vroni-2.jpg 292w, https:\/\/landfrauenverein-merdingen.de\/wp-content\/uploads\/2020\/01\/Adventsfeier-Vroni-2-280x300.jpg 280w\" sizes=\"auto, (max-width: 292px) 100vw, 292px\" \/><figcaption class=\"wp-element-caption\">Vroni war, wie schon  oft, f\u00fcr das Singen und Anstimmen der Adventslieder zust\u00e4ndig<\/figcaption><\/figure>\n\n\n\n<figure class=\"wp-block-image size-large\"><img loading=\"lazy\" decoding=\"async\" width=\"630\" height=\"412\" src=\"https:\/\/landfrauenverein-merdingen.de\/wp-content\/uploads\/2020\/01\/Adventsfeier-10.12.2019-SiviaCordula-2.jpg\" alt=\"\" class=\"wp-image-2130\" srcset=\"https:\/\/landfrauenverein-merdingen.de\/wp-content\/uploads\/2020\/01\/Adventsfeier-10.12.2019-SiviaCordula-2.jpg 630w, https:\/\/landfrauenverein-merdingen.de\/wp-content\/uploads\/2020\/01\/Adventsfeier-10.12.2019-SiviaCordula-2-300x196.jpg 300w, https:\/\/landfrauenverein-merdingen.de\/wp-content\/uploads\/2020\/01\/Adventsfeier-10.12.2019-SiviaCordula-2-459x300.jpg 459w\" sizes=\"auto, (max-width: 630px) 100vw, 630px\" \/><figcaption class=\"wp-element-caption\">Silvia und Cordula lasen eine Weihnachtsgeschichte<br><\/figcaption><\/figure>\n\n\n\n<h2 class=\"wp-block-heading\">Wintermarkt am 7. Dezember 2019<\/h2>\n\n\n\n<p>ab 15 Uhr in der Zehntscheune <\/p>\n\n\n\n<figure class=\"wp-block-image size-large\"><img loading=\"lazy\" decoding=\"async\" width=\"630\" height=\"443\" src=\"https:\/\/landfrauenverein-merdingen.de\/wp-content\/uploads\/2020\/01\/Wintermarkt-Angebot-2019.jpg\" alt=\"\" class=\"wp-image-2114\" srcset=\"https:\/\/landfrauenverein-merdingen.de\/wp-content\/uploads\/2020\/01\/Wintermarkt-Angebot-2019.jpg 630w, https:\/\/landfrauenverein-merdingen.de\/wp-content\/uploads\/2020\/01\/Wintermarkt-Angebot-2019-300x211.jpg 300w, https:\/\/landfrauenverein-merdingen.de\/wp-content\/uploads\/2020\/01\/Wintermarkt-Angebot-2019-427x300.jpg 427w\" sizes=\"auto, (max-width: 630px) 100vw, 630px\" \/><\/figure>\n\n\n\n<figure class=\"wp-block-image size-large\"><img loading=\"lazy\" decoding=\"async\" width=\"630\" height=\"952\" src=\"https:\/\/landfrauenverein-merdingen.de\/wp-content\/uploads\/2020\/01\/Wintermarkt-2019.jpg\" alt=\"\" class=\"wp-image-2113\" srcset=\"https:\/\/landfrauenverein-merdingen.de\/wp-content\/uploads\/2020\/01\/Wintermarkt-2019.jpg 630w, https:\/\/landfrauenverein-merdingen.de\/wp-content\/uploads\/2020\/01\/Wintermarkt-2019-199x300.jpg 199w\" sizes=\"auto, (max-width: 630px) 100vw, 630px\" \/><figcaption class=\"wp-element-caption\">Selbstgebackene Baselm\u00e4nner<\/figcaption><\/figure>\n\n\n\n<h2 class=\"wp-block-heading\">&#8222;Z Liecht go&#8220; am 28. Oktober um 18 Uhr im Landfrauenraum <\/h2>\n\n\n\n<p><\/p>\n\n\n\n<h2 class=\"wp-block-heading\">Gassen-Weinfest vom 6.-9.September 2019<\/h2>\n\n\n\n<figure class=\"wp-block-image size-large\"><img loading=\"lazy\" decoding=\"async\" width=\"515\" height=\"928\" src=\"https:\/\/landfrauenverein-merdingen.de\/wp-content\/uploads\/2020\/01\/Gassenweinfest-2019-Eingang-1-3.jpg\" alt=\"\" class=\"wp-image-2164\" srcset=\"https:\/\/landfrauenverein-merdingen.de\/wp-content\/uploads\/2020\/01\/Gassenweinfest-2019-Eingang-1-3.jpg 515w, https:\/\/landfrauenverein-merdingen.de\/wp-content\/uploads\/2020\/01\/Gassenweinfest-2019-Eingang-1-3-166x300.jpg 166w\" sizes=\"auto, (max-width: 515px) 100vw, 515px\" \/><figcaption class=\"wp-element-caption\">Hereinspaziert &#8211;  zum Gassen-Weinfest 2019<\/figcaption><\/figure>\n\n\n\n<figure class=\"wp-block-image size-large\"><img loading=\"lazy\" decoding=\"async\" width=\"630\" height=\"588\" src=\"https:\/\/landfrauenverein-merdingen.de\/wp-content\/uploads\/2020\/01\/Gassenweinfest-2019-Deko.jpg\" alt=\"\" class=\"wp-image-2106\" srcset=\"https:\/\/landfrauenverein-merdingen.de\/wp-content\/uploads\/2020\/01\/Gassenweinfest-2019-Deko.jpg 630w, https:\/\/landfrauenverein-merdingen.de\/wp-content\/uploads\/2020\/01\/Gassenweinfest-2019-Deko-300x280.jpg 300w, https:\/\/landfrauenverein-merdingen.de\/wp-content\/uploads\/2020\/01\/Gassenweinfest-2019-Deko-321x300.jpg 321w\" sizes=\"auto, (max-width: 630px) 100vw, 630px\" \/><figcaption class=\"wp-element-caption\">Der Hof wird dekoriert und geschm\u00fcckt<\/figcaption><\/figure>\n\n\n\n<figure class=\"wp-block-image size-large\"><img loading=\"lazy\" decoding=\"async\" width=\"630\" height=\"327\" src=\"https:\/\/landfrauenverein-merdingen.de\/wp-content\/uploads\/2020\/01\/Gassenweinfest-2019-Hof.jpg\" alt=\"\" class=\"wp-image-2108\" srcset=\"https:\/\/landfrauenverein-merdingen.de\/wp-content\/uploads\/2020\/01\/Gassenweinfest-2019-Hof.jpg 630w, https:\/\/landfrauenverein-merdingen.de\/wp-content\/uploads\/2020\/01\/Gassenweinfest-2019-Hof-300x156.jpg 300w, https:\/\/landfrauenverein-merdingen.de\/wp-content\/uploads\/2020\/01\/Gassenweinfest-2019-Hof-500x260.jpg 500w\" sizes=\"auto, (max-width: 630px) 100vw, 630px\" \/><\/figure>\n\n\n\n<figure class=\"wp-block-image size-large\"><img loading=\"lazy\" decoding=\"async\" width=\"630\" height=\"270\" src=\"https:\/\/landfrauenverein-merdingen.de\/wp-content\/uploads\/2020\/01\/Gassenweinfest-2019-Tribelbisser-1.jpg\" alt=\"\" class=\"wp-image-2111\" srcset=\"https:\/\/landfrauenverein-merdingen.de\/wp-content\/uploads\/2020\/01\/Gassenweinfest-2019-Tribelbisser-1.jpg 630w, https:\/\/landfrauenverein-merdingen.de\/wp-content\/uploads\/2020\/01\/Gassenweinfest-2019-Tribelbisser-1-300x129.jpg 300w, https:\/\/landfrauenverein-merdingen.de\/wp-content\/uploads\/2020\/01\/Gassenweinfest-2019-Tribelbisser-1-500x214.jpg 500w\" sizes=\"auto, (max-width: 630px) 100vw, 630px\" \/><figcaption class=\"wp-element-caption\">Tribelbisser,  Schmalzbrot, Speckbrot. Guten Appetit!<\/figcaption><\/figure>\n\n\n\n<p><strong>Fahrt ins Eco- Museum im Elsass am 06.07.2019<\/strong><\/p>\n\n\n\n<p><\/p>\n\n\n\n<h2 class=\"wp-block-heading\">Jahreshauptversammlung<\/h2>\n\n\n\n<p>Am 28. Mai fand im Gasthaus Engel die Jahreshauptversammlung mit Wahlen statt,<\/p>\n\n\n\n<p><\/p>\n\n\n\n<h2 class=\"wp-block-heading\">Maiandacht 2019<\/h2>\n\n\n\n<p>am 5. Mai in der Remigiuskirche Merdingen mit Pfarrer Moosmann und am <\/p>\n\n\n\n<p>19. Mai in der Tennenbacher Kapelle mit Pfarrer Feuerstein<\/p>\n\n\n\n<figure class=\"wp-block-image size-large\"><img loading=\"lazy\" decoding=\"async\" width=\"630\" height=\"473\" src=\"https:\/\/landfrauenverein-merdingen.de\/wp-content\/uploads\/2020\/01\/Maiandacht-Merdingen-2019-2.jpg\" alt=\"\" class=\"wp-image-2116\" srcset=\"https:\/\/landfrauenverein-merdingen.de\/wp-content\/uploads\/2020\/01\/Maiandacht-Merdingen-2019-2.jpg 630w, https:\/\/landfrauenverein-merdingen.de\/wp-content\/uploads\/2020\/01\/Maiandacht-Merdingen-2019-2-300x225.jpg 300w, https:\/\/landfrauenverein-merdingen.de\/wp-content\/uploads\/2020\/01\/Maiandacht-Merdingen-2019-2-400x300.jpg 400w\" sizes=\"auto, (max-width: 630px) 100vw, 630px\" \/><figcaption class=\"wp-element-caption\">Maiandacht am 5. Mai 2019 in der Remigiuskirche in Merdingen mit Pfarrer Moosmann<\/figcaption><\/figure>\n\n\n\n<figure class=\"wp-block-image size-large\"><img loading=\"lazy\" decoding=\"async\" width=\"630\" height=\"481\" src=\"https:\/\/landfrauenverein-merdingen.de\/wp-content\/uploads\/2020\/01\/Tennenbach-Gruppe.jpg\" alt=\"\" class=\"wp-image-2117\" srcset=\"https:\/\/landfrauenverein-merdingen.de\/wp-content\/uploads\/2020\/01\/Tennenbach-Gruppe.jpg 630w, https:\/\/landfrauenverein-merdingen.de\/wp-content\/uploads\/2020\/01\/Tennenbach-Gruppe-300x229.jpg 300w, https:\/\/landfrauenverein-merdingen.de\/wp-content\/uploads\/2020\/01\/Tennenbach-Gruppe-393x300.jpg 393w\" sizes=\"auto, (max-width: 630px) 100vw, 630px\" \/><figcaption class=\"wp-element-caption\">19. Mai 2019, Maiandacht in der Tennenbacher Kapelle mit Pfarrer Feuerstein<\/figcaption><\/figure>\n\n\n\n<figure class=\"wp-block-image size-large\"><img loading=\"lazy\" decoding=\"async\" width=\"630\" height=\"704\" src=\"https:\/\/landfrauenverein-merdingen.de\/wp-content\/uploads\/2020\/01\/Tennenbach-Kapelle-2.jpg\" alt=\"\" class=\"wp-image-2119\" srcset=\"https:\/\/landfrauenverein-merdingen.de\/wp-content\/uploads\/2020\/01\/Tennenbach-Kapelle-2.jpg 630w, https:\/\/landfrauenverein-merdingen.de\/wp-content\/uploads\/2020\/01\/Tennenbach-Kapelle-2-268x300.jpg 268w\" sizes=\"auto, (max-width: 630px) 100vw, 630px\" \/><figcaption class=\"wp-element-caption\">vor der Tennenbacher Kapelle<\/figcaption><\/figure>\n\n\n\n<p class=\"has-black-color has-text-color\"><strong>Pfiffige Nudelgerichte<\/strong><br> Am Dienstag 12. M\u00e4rz 2019 von 18 bis 21 Uhr besuchten wir das Forum ern\u00e4hren, bewegen, bilden in Breisach<br> Wir kochten gemeinsam Nudelgerichte mit frischen So\u00dfen, leiht, bunt und schnell. Wir entdeckten Rezepte zum Nachkochen von frischem Nudelteig bis zu Powerpaketen mit raffinierten F\u00fcllungen mit und ohne Fleisch.<br> Wir bildeten Fahrgemeinschaften. Treffpunkt war an der Hermann Brommer Schule um 17:20 Uhr<br><\/p>\n\n\n\n<figure class=\"wp-block-image size-large is-resized\"><img loading=\"lazy\" decoding=\"async\" width=\"630\" height=\"164\" src=\"https:\/\/landfrauenverein-merdingen.de\/wp-content\/uploads\/2020\/01\/Termine-24.01.19.jpg\" alt=\"\" class=\"wp-image-2151\" style=\"width:619px;height:163px\" srcset=\"https:\/\/landfrauenverein-merdingen.de\/wp-content\/uploads\/2020\/01\/Termine-24.01.19.jpg 630w, https:\/\/landfrauenverein-merdingen.de\/wp-content\/uploads\/2020\/01\/Termine-24.01.19-300x78.jpg 300w, https:\/\/landfrauenverein-merdingen.de\/wp-content\/uploads\/2020\/01\/Termine-24.01.19-500x130.jpg 500w\" sizes=\"auto, (max-width: 630px) 100vw, 630px\" \/><\/figure>\n\n\n\n<p><strong>Stricken mit den LandFrauen&nbsp;<\/strong><br><strong>Am Dienstag, den 26.Februar 2019 ab 19 Uhr<\/strong> fand ein Strickabend statt. Mitzubringen war Wolle, passende Stricknadeln und evtl. eine Strickanleitung oder eine Vorstellung was man stricken wollt will. Dabei unterst\u00fctzte werden Betina Glinzig-S\u00fc\u00dfle<\/p>\n\n\n\n<p><strong>S\u00e4ure-Basen-Haushalt<\/strong> &nbsp;ein Vortrag mit Michaela Girsc                                                <strong>Am Dienstag, den 19. Februar 2019&nbsp; fand um 19 U<\/strong>hr im Landfrauenraum ein Vortrag mit der Heilpraktikerin Michaela Girsch \u00fcber das Thema S\u00e4ure-Basen-Haushalt statt. .<\/p>\n\n\n\n<p><strong>Am Samstag, 09.02.2019, von 9-13 Uhr, Kreativkurs &#8222;Mit Rebholz gestalten&#8220;<\/strong><br><\/p>\n\n\n\n<p><strong>BezirksLandFrauentag am Samstag, 19.Januar 2019 in Buchenbach<\/strong><\/p>\n\n\n\n<p>Um 12 Uhr fuhren 20 Landfrauen aus Merdingen mit einem Bus, gemeinsam mit den Landfrauen aus Opfingen und Waltershofen, nach Buchenbach..<\/p>\n\n\n\n<p>In Buchenbach angekommen haben uns die dortigen Landfrauen mit einem leckeren Begr\u00fc\u00dfungsdrink empfangen.<\/p>\n\n\n\n<figure class=\"wp-block-image\"><img loading=\"lazy\" decoding=\"async\" width=\"630\" height=\"450\" src=\"https:\/\/landfrauenverein-merdingen.de\/wp-content\/uploads\/2019\/01\/Chor-630x450-2.png\" alt=\"\" class=\"wp-image-1892\" srcset=\"https:\/\/landfrauenverein-merdingen.de\/wp-content\/uploads\/2019\/01\/Chor-630x450-2.png 630w, https:\/\/landfrauenverein-merdingen.de\/wp-content\/uploads\/2019\/01\/Chor-630x450-2-300x214.png 300w, https:\/\/landfrauenverein-merdingen.de\/wp-content\/uploads\/2019\/01\/Chor-630x450-2-420x300.png 420w\" sizes=\"auto, (max-width: 630px) 100vw, 630px\" \/><figcaption class=\"wp-element-caption\">Chor aus St.Peter<br><\/figcaption><\/figure>\n\n\n\n<p>Der musikalische Auftakt machte S&#8217;Ch\u00f6rle der Landfrauen aus St, Peter.<\/p>\n\n\n\n<p>Die Bezirksvorsitzende Luise Blattmann begr\u00fc\u00dfte die Landfrauen in der voll besetzten Sommerberghalle.<\/p>\n\n\n\n<p>Ebenso erfreut begr\u00fc\u00dfte uns der B\u00fcrgermeister Herr Harald Reinhard<\/p>\n\n\n\n<p><strong>Superfood aus dem heimischen Garten<\/strong><\/p>\n\n\n\n<p>war das Thema des Vortrags von Frau Constanze Wach, Dipl. oec. troph.<\/p>\n\n\n\n<p>Sie hat uns best\u00e4rkt unsere heimischen Gem\u00fcse und Fr\u00fcchte zu essen. Diese k\u00f6nnen mit den in Mode geratenen importierten exotischen Samen und Fr\u00fcchten durchaus mithalten.<\/p>\n\n\n\n<figure class=\"wp-block-image\"><img loading=\"lazy\" decoding=\"async\" width=\"630\" height=\"601\" src=\"https:\/\/landfrauenverein-merdingen.de\/wp-content\/uploads\/2019\/01\/Tisch1-2.png\" alt=\"\" class=\"wp-image-1893\" srcset=\"https:\/\/landfrauenverein-merdingen.de\/wp-content\/uploads\/2019\/01\/Tisch1-2.png 630w, https:\/\/landfrauenverein-merdingen.de\/wp-content\/uploads\/2019\/01\/Tisch1-2-300x286.png 300w, https:\/\/landfrauenverein-merdingen.de\/wp-content\/uploads\/2019\/01\/Tisch1-2-314x300.png 314w\" sizes=\"auto, (max-width: 630px) 100vw, 630px\" \/><figcaption class=\"wp-element-caption\">Unsere Landfrauen<\/figcaption><\/figure>\n\n\n\n<p>An diesem Mittag konnten die heimischen Fr\u00fcchte in Form von Schwarzw\u00e4lder Kirschtorte, Apfel- und Obsttorten genossen werden.<\/p>\n\n\n\n<figure class=\"wp-block-image\"><img loading=\"lazy\" decoding=\"async\" width=\"630\" height=\"739\" src=\"https:\/\/landfrauenverein-merdingen.de\/wp-content\/uploads\/2019\/01\/Tisch2-3.png\" alt=\"\" class=\"wp-image-1894\" srcset=\"https:\/\/landfrauenverein-merdingen.de\/wp-content\/uploads\/2019\/01\/Tisch2-3.png 630w, https:\/\/landfrauenverein-merdingen.de\/wp-content\/uploads\/2019\/01\/Tisch2-3-256x300.png 256w\" sizes=\"auto, (max-width: 630px) 100vw, 630px\" \/><figcaption class=\"wp-element-caption\">Unsere Landfrauen<\/figcaption><\/figure>\n\n\n\n<p><strong>Gru\u00dfworte<\/strong> sprachen unter anderem: die Landr\u00e4tin Frau Dorothea St\u00f6rr-Ritter, Staatssekret\u00e4rin Frau B\u00e4rbel Mielich, <em>vo<\/em>m Regierungspr\u00e4sidium Frau Fackler, vom Dorfhelferinnenwerk S\u00f6lden Frau Elisabeth Gro\u00df, vom BLHV  Friedbert Schill, <\/p>\n\n\n\n<p>Wie schon Tradition, erl\u00e4uterte Herr Pfarrer Witter die Jahreslosung und gab uns noch ein paar gute Gedanken mit auf den Weg.<\/p>\n\n\n\n<p>_______________________________________________________________________________  <br><\/p>\n\n\n\n<p><a href=\"https:\/\/landfrauenverein-merdingen.de\/?page_id=1872\">zu den Aktivit\u00e4ten 2018<\/a><\/p>\n","protected":false},"excerpt":{"rendered":"<p>2019 Adventsfeier am 10. Dezember 2019 um 15 Uhr im B\u00fcrgersaal in Merdingen Wintermarkt am 7. Dezember 2019 ab 15 Uhr in der Zehntscheune &#8222;Z Liecht go&#8220; am 28. Oktober um 18 Uhr im Landfrauenraum Gassen-Weinfest vom 6.-9.September 2019 Fahrt &hellip; <a href=\"https:\/\/landfrauenverein-merdingen.de\/?page_id=85\">Weiterlesen <span class=\"meta-nav\">&rarr;<\/span><\/a><\/p>\n","protected":false},"author":2,"featured_media":0,"parent":2908,"menu_order":3,"comment_status":"closed","ping_status":"closed","template":"sidebar-page.php","meta":{"footnotes":""},"class_list":["post-85","page","type-page","status-publish","hentry"],"_links":{"self":[{"href":"https:\/\/landfrauenverein-merdingen.de\/index.php?rest_route=\/wp\/v2\/pages\/85","targetHints":{"allow":["GET"]}}],"collection":[{"href":"https:\/\/landfrauenverein-merdingen.de\/index.php?rest_route=\/wp\/v2\/pages"}],"about":[{"href":"https:\/\/landfrauenverein-merdingen.de\/index.php?rest_route=\/wp\/v2\/types\/page"}],"author":[{"embeddable":true,"href":"https:\/\/landfrauenverein-merdingen.de\/index.php?rest_route=\/wp\/v2\/users\/2"}],"replies":[{"embeddable":true,"href":"https:\/\/landfrauenverein-merdingen.de\/index.php?rest_route=%2Fwp%2Fv2%2Fcomments&post=85"}],"version-history":[{"count":273,"href":"https:\/\/landfrauenverein-merdingen.de\/index.php?rest_route=\/wp\/v2\/pages\/85\/revisions"}],"predecessor-version":[{"id":3605,"href":"https:\/\/landfrauenverein-merdingen.de\/index.php?rest_route=\/wp\/v2\/pages\/85\/revisions\/3605"}],"up":[{"embeddable":true,"href":"https:\/\/landfrauenverein-merdingen.de\/index.php?rest_route=\/wp\/v2\/pages\/2908"}],"wp:attachment":[{"href":"https:\/\/landfrauenverein-merdingen.de\/index.php?rest_route=%2Fwp%2Fv2%2Fmedia&parent=85"}],"curies":[{"name":"wp","href":"https:\/\/api.w.org\/{rel}","templated":true}]}}