{"id":531,"date":"2016-02-14T17:52:00","date_gmt":"2016-02-14T16:52:00","guid":{"rendered":"http:\/\/landfrauenverein-merdingen.de\/?page_id=531"},"modified":"2025-03-27T21:09:44","modified_gmt":"2025-03-27T20:09:44","slug":"aktivitaeten-2015","status":"publish","type":"page","link":"https:\/\/landfrauenverein-merdingen.de\/?page_id=531","title":{"rendered":"Aktivit\u00e4ten 2015"},"content":{"rendered":"<p>&nbsp;<\/p>\n<p><strong>Kreisverkehr pflegen<\/strong> am Montag, 21.12.2015 um 15:00 Uhr<\/p>\n<p>Der Kreisverkehr wurde\u00a02015 noch einmal in Ordnung gebracht. Unter der Regie von Sigrid wurden\u00a0die Pflanzen\u00a0zur\u00fcckgeschnitten und das Laub entfernt.<\/p>\n<p><strong>Adventskaffee<\/strong> am Dienstag, 08.12. 2015 um 15:00 Uhr im DIALEKT<\/p>\n<p><a href=\"https:\/\/landfrauenverein-merdingen.de\/wp-content\/uploads\/2015\/12\/Adventskaffee-Rita.jpg\"><img loading=\"lazy\" decoding=\"async\" class=\"alignnone wp-image-285 size-full\" src=\"https:\/\/landfrauenverein-merdingen.de\/wp-content\/uploads\/2015\/12\/Adventskaffee-Rita.jpg\" alt=\"Adventskaffee Rita\" width=\"640\" height=\"356\" srcset=\"https:\/\/landfrauenverein-merdingen.de\/wp-content\/uploads\/2015\/12\/Adventskaffee-Rita.jpg 640w, https:\/\/landfrauenverein-merdingen.de\/wp-content\/uploads\/2015\/12\/Adventskaffee-Rita-300x167.jpg 300w, https:\/\/landfrauenverein-merdingen.de\/wp-content\/uploads\/2015\/12\/Adventskaffee-Rita-500x278.jpg 500w\" sizes=\"auto, (max-width: 640px) 100vw, 640px\" \/><\/a><\/p>\n<p>Rita liest Gedanken zum Advent<\/p>\n<p><a href=\"https:\/\/landfrauenverein-merdingen.de\/wp-content\/uploads\/2015\/12\/Adventskaffe-Kuchen.jpg\"><img loading=\"lazy\" decoding=\"async\" class=\"alignnone wp-image-286 size-full\" src=\"https:\/\/landfrauenverein-merdingen.de\/wp-content\/uploads\/2015\/12\/Adventskaffe-Kuchen.jpg\" alt=\"Adventskaffe Kuchen\" width=\"640\" height=\"853\" srcset=\"https:\/\/landfrauenverein-merdingen.de\/wp-content\/uploads\/2015\/12\/Adventskaffe-Kuchen.jpg 640w, https:\/\/landfrauenverein-merdingen.de\/wp-content\/uploads\/2015\/12\/Adventskaffe-Kuchen-225x300.jpg 225w\" sizes=\"auto, (max-width: 640px) 100vw, 640px\" \/><\/a><\/p>\n<p>Kili&#8217;s Kuchenbuffet<\/p>\n<p><a href=\"https:\/\/landfrauenverein-merdingen.de\/wp-content\/uploads\/2015\/12\/Adventskaffe-Kinder.jpg\"><img loading=\"lazy\" decoding=\"async\" class=\"alignnone wp-image-287 size-full\" src=\"https:\/\/landfrauenverein-merdingen.de\/wp-content\/uploads\/2015\/12\/Adventskaffe-Kinder.jpg\" alt=\"Adventskaffe Kinder\" width=\"640\" height=\"430\" srcset=\"https:\/\/landfrauenverein-merdingen.de\/wp-content\/uploads\/2015\/12\/Adventskaffe-Kinder.jpg 640w, https:\/\/landfrauenverein-merdingen.de\/wp-content\/uploads\/2015\/12\/Adventskaffe-Kinder-300x202.jpg 300w, https:\/\/landfrauenverein-merdingen.de\/wp-content\/uploads\/2015\/12\/Adventskaffe-Kinder-447x300.jpg 447w\" sizes=\"auto, (max-width: 640px) 100vw, 640px\" \/><\/a><\/p>\n<p>Frau M\u00fchlh\u00f6lzer\u00a0und die Kinder mit\u00a0ihren Fl\u00f6ten brachten Freude und\u00a0zauberten Adventsstimmung.<\/p>\n<p><a href=\"https:\/\/landfrauenverein-merdingen.de\/wp-content\/uploads\/2015\/12\/Adventskaffee-M\u00fchlh\u00f6lzer.jpg\"><img loading=\"lazy\" decoding=\"async\" class=\"alignnone wp-image-288 size-full\" src=\"https:\/\/landfrauenverein-merdingen.de\/wp-content\/uploads\/2015\/12\/Adventskaffee-M\u00fchlh\u00f6lzer.jpg\" alt=\"Adventskaffee M\u00fchlh\u00f6lzer\" width=\"640\" height=\"324\" srcset=\"https:\/\/landfrauenverein-merdingen.de\/wp-content\/uploads\/2015\/12\/Adventskaffee-M\u00fchlh\u00f6lzer.jpg 640w, https:\/\/landfrauenverein-merdingen.de\/wp-content\/uploads\/2015\/12\/Adventskaffee-M\u00fchlh\u00f6lzer-300x152.jpg 300w, https:\/\/landfrauenverein-merdingen.de\/wp-content\/uploads\/2015\/12\/Adventskaffee-M\u00fchlh\u00f6lzer-500x253.jpg 500w\" sizes=\"auto, (max-width: 640px) 100vw, 640px\" \/><\/a><\/p>\n<p><a href=\"https:\/\/landfrauenverein-merdingen.de\/wp-content\/uploads\/2015\/12\/Adventskaffee-Ilona.jpg\"><img loading=\"lazy\" decoding=\"async\" class=\"alignnone wp-image-289 size-full\" src=\"https:\/\/landfrauenverein-merdingen.de\/wp-content\/uploads\/2015\/12\/Adventskaffee-Ilona.jpg\" alt=\"Adventskaffee Ilona\" width=\"640\" height=\"297\" srcset=\"https:\/\/landfrauenverein-merdingen.de\/wp-content\/uploads\/2015\/12\/Adventskaffee-Ilona.jpg 640w, https:\/\/landfrauenverein-merdingen.de\/wp-content\/uploads\/2015\/12\/Adventskaffee-Ilona-300x139.jpg 300w, https:\/\/landfrauenverein-merdingen.de\/wp-content\/uploads\/2015\/12\/Adventskaffee-Ilona-500x232.jpg 500w\" sizes=\"auto, (max-width: 640px) 100vw, 640px\" \/><\/a><\/p>\n<p>Auch Ilona hatte ein besinnliche Geschichte mitgebracht.<\/p>\n<p><a href=\"https:\/\/landfrauenverein-merdingen.de\/wp-content\/uploads\/2015\/12\/Adventskaffee-Decke.jpg\"><img loading=\"lazy\" decoding=\"async\" class=\"alignnone wp-image-290 size-full\" src=\"https:\/\/landfrauenverein-merdingen.de\/wp-content\/uploads\/2015\/12\/Adventskaffee-Decke.jpg\" alt=\"Adventskaffee Decke\" width=\"640\" height=\"404\" srcset=\"https:\/\/landfrauenverein-merdingen.de\/wp-content\/uploads\/2015\/12\/Adventskaffee-Decke.jpg 640w, https:\/\/landfrauenverein-merdingen.de\/wp-content\/uploads\/2015\/12\/Adventskaffee-Decke-300x189.jpg 300w, https:\/\/landfrauenverein-merdingen.de\/wp-content\/uploads\/2015\/12\/Adventskaffee-Decke-475x300.jpg 475w\" sizes=\"auto, (max-width: 640px) 100vw, 640px\" \/><\/a><\/p>\n<p>Rita zeigt ein Muster der Decken die an 3 Nachmittagen f\u00fcr Fl\u00fcchtlingskinder gen\u00e4ht wurden.<\/p>\n<p><strong>Wintermarkt<\/strong> am Samstag, 5. Dezember 2015, ab 15:00 Uhr im Zehnthof- und Scheune<\/p>\n<p><a href=\"https:\/\/landfrauenverein-merdingen.de\/wp-content\/uploads\/2015\/12\/Baselmannen-Teiglinge.jpg\"><img loading=\"lazy\" decoding=\"async\" class=\"alignnone wp-image-216 size-full\" src=\"https:\/\/landfrauenverein-merdingen.de\/wp-content\/uploads\/2015\/12\/Baselmannen-Teiglinge.jpg\" alt=\"Baselmannen Teiglinge\" width=\"640\" height=\"494\" srcset=\"https:\/\/landfrauenverein-merdingen.de\/wp-content\/uploads\/2015\/12\/Baselmannen-Teiglinge.jpg 640w, https:\/\/landfrauenverein-merdingen.de\/wp-content\/uploads\/2015\/12\/Baselmannen-Teiglinge-300x232.jpg 300w, https:\/\/landfrauenverein-merdingen.de\/wp-content\/uploads\/2015\/12\/Baselmannen-Teiglinge-389x300.jpg 389w\" sizes=\"auto, (max-width: 640px) 100vw, 640px\" \/><\/a><\/p>\n<p>Morgens um 7:30 Uhr begannen die B\u00e4ckerinnen mit formen und backen der Baselm\u00e4nner<\/p>\n<p><a href=\"https:\/\/landfrauenverein-merdingen.de\/wp-content\/uploads\/2015\/12\/Baselmannen-fertig.jpg\"><img loading=\"lazy\" decoding=\"async\" class=\"alignnone wp-image-217 size-full\" src=\"https:\/\/landfrauenverein-merdingen.de\/wp-content\/uploads\/2015\/12\/Baselmannen-fertig.jpg\" alt=\"Baselmannen fertig\" width=\"640\" height=\"480\" srcset=\"https:\/\/landfrauenverein-merdingen.de\/wp-content\/uploads\/2015\/12\/Baselmannen-fertig.jpg 640w, https:\/\/landfrauenverein-merdingen.de\/wp-content\/uploads\/2015\/12\/Baselmannen-fertig-300x225.jpg 300w, https:\/\/landfrauenverein-merdingen.de\/wp-content\/uploads\/2015\/12\/Baselmannen-fertig-400x300.jpg 400w\" sizes=\"auto, (max-width: 640px) 100vw, 640px\" \/><\/a><\/p>\n<p><a href=\"https:\/\/landfrauenverein-merdingen.de\/wp-content\/uploads\/2015\/12\/Wintermarkt-Baselm\u00e4nner.jpg\"><img loading=\"lazy\" decoding=\"async\" class=\"alignnone wp-image-218 size-full\" src=\"https:\/\/landfrauenverein-merdingen.de\/wp-content\/uploads\/2015\/12\/Wintermarkt-Baselm\u00e4nner.jpg\" alt=\"Wintermarkt, Baselm\u00e4nner\" width=\"640\" height=\"455\" srcset=\"https:\/\/landfrauenverein-merdingen.de\/wp-content\/uploads\/2015\/12\/Wintermarkt-Baselm\u00e4nner.jpg 640w, https:\/\/landfrauenverein-merdingen.de\/wp-content\/uploads\/2015\/12\/Wintermarkt-Baselm\u00e4nner-300x213.jpg 300w, https:\/\/landfrauenverein-merdingen.de\/wp-content\/uploads\/2015\/12\/Wintermarkt-Baselm\u00e4nner-422x300.jpg 422w\" sizes=\"auto, (max-width: 640px) 100vw, 640px\" \/><\/a><\/p>\n<p>Sch\u00f6n pr\u00e4sentiert, jetzt k\u00f6nnen die Besucher kommen<\/p>\n<p><a href=\"https:\/\/landfrauenverein-merdingen.de\/wp-content\/uploads\/2015\/12\/Lumumba.jpg\"><img loading=\"lazy\" decoding=\"async\" class=\"alignnone wp-image-219 size-full\" src=\"https:\/\/landfrauenverein-merdingen.de\/wp-content\/uploads\/2015\/12\/Lumumba.jpg\" alt=\"Lumumba\" width=\"640\" height=\"558\" srcset=\"https:\/\/landfrauenverein-merdingen.de\/wp-content\/uploads\/2015\/12\/Lumumba.jpg 640w, https:\/\/landfrauenverein-merdingen.de\/wp-content\/uploads\/2015\/12\/Lumumba-300x262.jpg 300w, https:\/\/landfrauenverein-merdingen.de\/wp-content\/uploads\/2015\/12\/Lumumba-344x300.jpg 344w\" sizes=\"auto, (max-width: 640px) 100vw, 640px\" \/><\/a><\/p>\n<p>Diese Beiden haben leckeren Schoki und Lumumba vorbereitet.<\/p>\n<p><a href=\"https:\/\/landfrauenverein-merdingen.de\/wp-content\/uploads\/2015\/12\/Fr\u00fcchtebrot.jpg\"><img loading=\"lazy\" decoding=\"async\" class=\"alignnone wp-image-220 size-full\" src=\"https:\/\/landfrauenverein-merdingen.de\/wp-content\/uploads\/2015\/12\/Fr\u00fcchtebrot.jpg\" alt=\"Fr\u00fcchtebrot\" width=\"640\" height=\"326\" srcset=\"https:\/\/landfrauenverein-merdingen.de\/wp-content\/uploads\/2015\/12\/Fr\u00fcchtebrot.jpg 640w, https:\/\/landfrauenverein-merdingen.de\/wp-content\/uploads\/2015\/12\/Fr\u00fcchtebrot-300x153.jpg 300w, https:\/\/landfrauenverein-merdingen.de\/wp-content\/uploads\/2015\/12\/Fr\u00fcchtebrot-500x255.jpg 500w\" sizes=\"auto, (max-width: 640px) 100vw, 640px\" \/><\/a><\/p>\n<p><a href=\"https:\/\/landfrauenverein-merdingen.de\/wp-content\/uploads\/2015\/12\/Weinachtsmarkt.jpg\"><img loading=\"lazy\" decoding=\"async\" class=\"alignnone wp-image-221 size-full\" src=\"https:\/\/landfrauenverein-merdingen.de\/wp-content\/uploads\/2015\/12\/Weinachtsmarkt.jpg\" alt=\"Weinachtsmarkt\" width=\"640\" height=\"342\" srcset=\"https:\/\/landfrauenverein-merdingen.de\/wp-content\/uploads\/2015\/12\/Weinachtsmarkt.jpg 640w, https:\/\/landfrauenverein-merdingen.de\/wp-content\/uploads\/2015\/12\/Weinachtsmarkt-300x160.jpg 300w, https:\/\/landfrauenverein-merdingen.de\/wp-content\/uploads\/2015\/12\/Weinachtsmarkt-500x267.jpg 500w\" sizes=\"auto, (max-width: 640px) 100vw, 640px\" \/><\/a><\/p>\n<p>Mit viel Engagement wurden in Merdingen 55 Bettdecken f\u00fcr Fl\u00fcchtlingskinder gen\u00e4ht. Die LandFrauen und der angegliederte N\u00e4htreff binden sich gemeinsam in\u00a0ein nachahmenswertes Projekt ein.<\/p>\n<p><strong>Kuscheldecken Bericht:<\/strong><\/p>\n<div id=\"attachment_366\" style=\"width: 650px\" class=\"wp-caption alignnone\"><a href=\"https:\/\/landfrauenverein-merdingen.de\/wp-content\/uploads\/2015\/12\/Mini-decki-aktion-merdingen.jpg\"><img loading=\"lazy\" decoding=\"async\" aria-describedby=\"caption-attachment-366\" class=\"wp-image-366 size-full\" src=\"https:\/\/landfrauenverein-merdingen.de\/wp-content\/uploads\/2015\/12\/Mini-decki-aktion-merdingen.jpg\" alt=\"Mini Decken f\u00fcr Fl\u00fcchtlingskinder gen\u00e4ht\" width=\"640\" height=\"428\" srcset=\"https:\/\/landfrauenverein-merdingen.de\/wp-content\/uploads\/2015\/12\/Mini-decki-aktion-merdingen.jpg 640w, https:\/\/landfrauenverein-merdingen.de\/wp-content\/uploads\/2015\/12\/Mini-decki-aktion-merdingen-300x201.jpg 300w, https:\/\/landfrauenverein-merdingen.de\/wp-content\/uploads\/2015\/12\/Mini-decki-aktion-merdingen-449x300.jpg 449w\" sizes=\"auto, (max-width: 640px) 100vw, 640px\" \/><\/a><p id=\"caption-attachment-366\" class=\"wp-caption-text\">Bild: Sebastian Ehret<\/p><\/div>\n<p>Rechtzeitig rund um das Weihnachtsfest war das Ziel erreicht: Mini-Decken f\u00fcr Fl\u00fcchtlingskinder sind fertig. Die Idee dazu hatte Britta Schmidt aufgegriffen. Sie hatte von der bundesweiten Hilfsaktion (<a href=\"http:\/\/www.minidecki.de\/\"><u><span style=\"color: #0066cc;\">www.minidecki.de<\/span><\/u><\/a>) erfahren und fand etliche Mitstreiterin daf\u00fcr. Seit etwa zwei Jahren gibt es im Winzerort einen N\u00e4htreff, der beim LandFrauenverein angegliedert ist. Die Frauen aus der Gruppe aber auch aus dem Verein konnte ich zum Mitmachen begeistern, so blickte Schmidt zur\u00fcck. Aus Spenden von Bettw\u00e4sche sollten Kuscheldecken f\u00fcr Kinder von Fl\u00fcchtlingen gefertigt werden. Nach einem Aufruf im Mitteilungsblatt sei die Resonanz nach W\u00e4sche-Spenden sehr gro\u00df gewesen. Damit war ein wichtiger Baustein f\u00fcr die Realisierung des Vorhabens gelegt.<\/p>\n<p>Die Anleitung zur Gestaltung und der Umsetzung wurde gemeinsam ausgearbeitet. Bunt, freundlich und fr\u00f6hlich sollte die \u00e4u\u00dfere Gestaltung aussehen. Die F\u00fcllungen f\u00fcr die Kinderdecken finanzierten und stifteten die Merdinger LandFrauen aus ihrer Vereinskasse. Vier Nachmittage trafen sich \u00fcber 20 Frauen, um im Vereinsraum, die Mini-Decken mit viel Geschick, K\u00f6nnen und Engagement anzufertigen. Rita Ehret, Vorsitzende der LandFrauen in Merdingen, meinte: \u201eDas gemeinsame N\u00e4hen hat uns viel Spa\u00df gemacht.\u201c Neben der Freude sei es aber auch teilweise anstrengend gewesen bis letztlich alle Decken fertiggestellt waren.<\/p>\n<p>Die Kuschel-Decken f\u00fcr die Fl\u00fcchtlingskinder werden bei einer festlichen Weihnachtsfeier im Landkreis Rastatt verteilt. Eine Privatinitiative im Nordbadischen um Andrea Flackus hat ihren Bedarf angemeldet. In zwei Wohnheimen bei Rastatt seien etwa 100 Kinder, die die Decken ben\u00f6tigen k\u00f6nnen. Die ehrenamtlichen Fl\u00fcchtlingsbegleiter aus dem Rastatter Landkreis werden die Verteilung Vorort realisieren. In einer kleinen Feierstunde im Merdinger Landfrauenraum wurden die Mini-Decken \u00fcberreicht und abgeholt. Mitstreiter Dirk Flackus nahm die Decken-Spenden mit Freude entgegen und sprach den Frauen aus dem N\u00e4htreff und den LandFrauen ein herzliches Dankesch\u00f6n aus. Flackus sagte: \u201eDie Kinder werden sich \u00fcber das Decken-Geschenk freuen und ihre Augen werden leuchten.\u201c Besonders lobte er den uneigenn\u00fctzigen ehrenamtlichen Einsatz zur Selbsthilfe. Das Ziel, ein St\u00fcck W\u00e4rme und Herz schenken, haben die Merdinger Frauen mit der Mini-Decki-Aktion mehr als erreicht. In der Region ist das Projekt auf Interesse gesto\u00dfen und k\u00f6nnte in n\u00e4chster Zeit weitere Mitmacher finden.<\/p>\n<p>Autor: Sebastian Ehret<\/p>\n<p><strong>Decken n\u00e4hen <\/strong>am Samstag, den 14. Oktober um 15.Uhr\u00a0im Gruppenraum. Die Frauen der N\u00e4hgruppe n\u00e4hten zusammen mit den Landfrauen\u00a0w\u00e4rmende Decken f\u00fcr Fl\u00fcchtlingskinder.<\/p>\n<p><a href=\"https:\/\/landfrauenverein-merdingen.de\/wp-content\/uploads\/2015\/12\/Decken-n\u00e4hen.jpg\"><img loading=\"lazy\" decoding=\"async\" class=\"alignnone wp-image-90 size-full\" src=\"https:\/\/landfrauenverein-merdingen.de\/wp-content\/uploads\/2015\/12\/Decken-n\u00e4hen.jpg\" alt=\"Decken n\u00e4hen\" width=\"640\" height=\"335\" srcset=\"https:\/\/landfrauenverein-merdingen.de\/wp-content\/uploads\/2015\/12\/Decken-n\u00e4hen.jpg 640w, https:\/\/landfrauenverein-merdingen.de\/wp-content\/uploads\/2015\/12\/Decken-n\u00e4hen-300x157.jpg 300w, https:\/\/landfrauenverein-merdingen.de\/wp-content\/uploads\/2015\/12\/Decken-n\u00e4hen-500x262.jpg 500w\" sizes=\"auto, (max-width: 640px) 100vw, 640px\" \/><\/a><\/p>\n<p><a href=\"https:\/\/landfrauenverein-merdingen.de\/wp-content\/uploads\/2015\/12\/Decken-Stoffe.jpg\"><img loading=\"lazy\" decoding=\"async\" class=\"alignnone wp-image-91 size-full\" src=\"https:\/\/landfrauenverein-merdingen.de\/wp-content\/uploads\/2015\/12\/Decken-Stoffe.jpg\" alt=\"Decken Stoffe\" width=\"640\" height=\"443\" srcset=\"https:\/\/landfrauenverein-merdingen.de\/wp-content\/uploads\/2015\/12\/Decken-Stoffe.jpg 640w, https:\/\/landfrauenverein-merdingen.de\/wp-content\/uploads\/2015\/12\/Decken-Stoffe-300x208.jpg 300w, https:\/\/landfrauenverein-merdingen.de\/wp-content\/uploads\/2015\/12\/Decken-Stoffe-433x300.jpg 433w\" sizes=\"auto, (max-width: 640px) 100vw, 640px\" \/><\/a><\/p>\n<p><a href=\"https:\/\/landfrauenverein-merdingen.de\/wp-content\/uploads\/2015\/12\/Decken-fertig-320x293.jpg\"><img loading=\"lazy\" decoding=\"async\" class=\"alignnone size-medium wp-image-215\" src=\"https:\/\/landfrauenverein-merdingen.de\/wp-content\/uploads\/2015\/12\/Decken-fertig-320x293-300x275.jpg\" alt=\"Decken fertig 320x293\" width=\"300\" height=\"275\" srcset=\"https:\/\/landfrauenverein-merdingen.de\/wp-content\/uploads\/2015\/12\/Decken-fertig-320x293-300x275.jpg 300w, https:\/\/landfrauenverein-merdingen.de\/wp-content\/uploads\/2015\/12\/Decken-fertig-320x293.jpg 320w\" sizes=\"auto, (max-width: 300px) 100vw, 300px\" \/><\/a>fertige Decken<\/p>\n<p><strong>Lichtgang <\/strong>am 10.11.2015 ab 18:00 Uhr \u00a0im Landfrauenraum<\/p>\n<div id=\"attachment_86\" style=\"width: 610px\" class=\"wp-caption alignnone\"><a href=\"https:\/\/landfrauenverein-merdingen.de\/wp-content\/uploads\/2015\/12\/Lichtgang-10.11.2015.jpg\"><img loading=\"lazy\" decoding=\"async\" aria-describedby=\"caption-attachment-86\" class=\"wp-image-86 size-full\" src=\"https:\/\/landfrauenverein-merdingen.de\/wp-content\/uploads\/2015\/12\/Lichtgang-10.11.2015.jpg\" alt=\"Lichtgang 10.11.2015\" width=\"600\" height=\"387\" srcset=\"https:\/\/landfrauenverein-merdingen.de\/wp-content\/uploads\/2015\/12\/Lichtgang-10.11.2015.jpg 600w, https:\/\/landfrauenverein-merdingen.de\/wp-content\/uploads\/2015\/12\/Lichtgang-10.11.2015-300x194.jpg 300w, https:\/\/landfrauenverein-merdingen.de\/wp-content\/uploads\/2015\/12\/Lichtgang-10.11.2015-465x300.jpg 465w\" sizes=\"auto, (max-width: 600px) 100vw, 600px\" \/><\/a><p id=\"caption-attachment-86\" class=\"wp-caption-text\">N\u00fcsse kernen- essen-trinken-sich unterhalten<\/p><\/div>\n<p><a href=\"https:\/\/landfrauenverein-merdingen.de\/wp-content\/uploads\/2015\/12\/Lichtgang-21.jpg\"><img loading=\"lazy\" decoding=\"async\" class=\"alignnone wp-image-93 size-full\" src=\"https:\/\/landfrauenverein-merdingen.de\/wp-content\/uploads\/2015\/12\/Lichtgang-21.jpg\" alt=\"Lichtgang 2\" width=\"640\" height=\"455\" srcset=\"https:\/\/landfrauenverein-merdingen.de\/wp-content\/uploads\/2015\/12\/Lichtgang-21.jpg 640w, https:\/\/landfrauenverein-merdingen.de\/wp-content\/uploads\/2015\/12\/Lichtgang-21-300x213.jpg 300w, https:\/\/landfrauenverein-merdingen.de\/wp-content\/uploads\/2015\/12\/Lichtgang-21-422x300.jpg 422w\" sizes=\"auto, (max-width: 640px) 100vw, 640px\" \/><\/a><\/p>\n<p><strong>Gassen-Weinfest 2015<\/strong><\/p>\n<p><a href=\"https:\/\/landfrauenverein-merdingen.de\/wp-content\/uploads\/2015\/12\/Herzlich-Willkommen-Gassenweinfest-2015.jpg\"><img loading=\"lazy\" decoding=\"async\" class=\"Herzlich Willkommen Gassenweinfest 2015 alignnone wp-image-452 size-full\" title=\"Herzlich Willkommen Gassenweinfest 2015\" src=\"https:\/\/landfrauenverein-merdingen.de\/wp-content\/uploads\/2015\/12\/Herzlich-Willkommen-Gassenweinfest-2015.jpg\" alt=\"Herzlich Willkommen Gassenweinfest 2015\" width=\"640\" height=\"481\" srcset=\"https:\/\/landfrauenverein-merdingen.de\/wp-content\/uploads\/2015\/12\/Herzlich-Willkommen-Gassenweinfest-2015.jpg 640w, https:\/\/landfrauenverein-merdingen.de\/wp-content\/uploads\/2015\/12\/Herzlich-Willkommen-Gassenweinfest-2015-300x225.jpg 300w, https:\/\/landfrauenverein-merdingen.de\/wp-content\/uploads\/2015\/12\/Herzlich-Willkommen-Gassenweinfest-2015-399x300.jpg 399w\" sizes=\"auto, (max-width: 640px) 100vw, 640px\" \/><\/a><\/p>\n<p><a href=\"https:\/\/landfrauenverein-merdingen.de\/wp-content\/uploads\/2015\/12\/Gassen-Weinfest-2015-Deko.jpg\"><img loading=\"lazy\" decoding=\"async\" class=\"Gassen-Weinfest 2015 Deko alignnone wp-image-453 size-full\" title=\"Gassen-Weinfest 2015 Deko\" src=\"https:\/\/landfrauenverein-merdingen.de\/wp-content\/uploads\/2015\/12\/Gassen-Weinfest-2015-Deko.jpg\" alt=\"Gassen-Weinfest 2015 Deko\" width=\"640\" height=\"386\" srcset=\"https:\/\/landfrauenverein-merdingen.de\/wp-content\/uploads\/2015\/12\/Gassen-Weinfest-2015-Deko.jpg 640w, https:\/\/landfrauenverein-merdingen.de\/wp-content\/uploads\/2015\/12\/Gassen-Weinfest-2015-Deko-300x181.jpg 300w, https:\/\/landfrauenverein-merdingen.de\/wp-content\/uploads\/2015\/12\/Gassen-Weinfest-2015-Deko-497x300.jpg 497w\" sizes=\"auto, (max-width: 640px) 100vw, 640px\" \/><\/a><\/p>\n<p><a href=\"https:\/\/landfrauenverein-merdingen.de\/wp-content\/uploads\/2015\/12\/Gassen-Weinfest-2015-Einzug1.jpg\"><img loading=\"lazy\" decoding=\"async\" class=\"Gassen- Weinfest 2015 Einzug alignnone wp-image-463 size-full\" title=\"Gassen- Weinfest 2015 Einzug\" src=\"https:\/\/landfrauenverein-merdingen.de\/wp-content\/uploads\/2015\/12\/Gassen-Weinfest-2015-Einzug1.jpg\" alt=\"Gassen- Weinfest 2015 Einzug\" width=\"640\" height=\"424\" srcset=\"https:\/\/landfrauenverein-merdingen.de\/wp-content\/uploads\/2015\/12\/Gassen-Weinfest-2015-Einzug1.jpg 640w, https:\/\/landfrauenverein-merdingen.de\/wp-content\/uploads\/2015\/12\/Gassen-Weinfest-2015-Einzug1-300x199.jpg 300w, https:\/\/landfrauenverein-merdingen.de\/wp-content\/uploads\/2015\/12\/Gassen-Weinfest-2015-Einzug1-453x300.jpg 453w\" sizes=\"auto, (max-width: 640px) 100vw, 640px\" \/><\/a><\/p>\n<p><a href=\"https:\/\/landfrauenverein-merdingen.de\/wp-content\/uploads\/2015\/12\/Gassen-Weinfest-2015-Er\u00f6ffnung.jpg\"><img loading=\"lazy\" decoding=\"async\" class=\"Gassen-Weinfest 2015 Er\u00f6ffnung alignnone wp-image-455 size-full\" title=\"Gassen-Weinfest 2015 Er\u00f6ffnung\" src=\"https:\/\/landfrauenverein-merdingen.de\/wp-content\/uploads\/2015\/12\/Gassen-Weinfest-2015-Er\u00f6ffnung.jpg\" alt=\"Gassen-Weinfest 2015 Er\u00f6ffnung\" width=\"640\" height=\"370\" srcset=\"https:\/\/landfrauenverein-merdingen.de\/wp-content\/uploads\/2015\/12\/Gassen-Weinfest-2015-Er\u00f6ffnung.jpg 640w, https:\/\/landfrauenverein-merdingen.de\/wp-content\/uploads\/2015\/12\/Gassen-Weinfest-2015-Er\u00f6ffnung-300x173.jpg 300w, https:\/\/landfrauenverein-merdingen.de\/wp-content\/uploads\/2015\/12\/Gassen-Weinfest-2015-Er\u00f6ffnung-500x289.jpg 500w\" sizes=\"auto, (max-width: 640px) 100vw, 640px\" \/><\/a><\/p>\n<p><a href=\"https:\/\/landfrauenverein-merdingen.de\/wp-content\/uploads\/2015\/12\/Gassen-Weinfest-2016.jpg\"><img loading=\"lazy\" decoding=\"async\" class=\"Die drei Winzer alignnone wp-image-456 size-full\" title=\"Die Drei\" src=\"https:\/\/landfrauenverein-merdingen.de\/wp-content\/uploads\/2015\/12\/Gassen-Weinfest-2016.jpg\" alt=\"Gassen-Weinfest 2016\" width=\"640\" height=\"427\" srcset=\"https:\/\/landfrauenverein-merdingen.de\/wp-content\/uploads\/2015\/12\/Gassen-Weinfest-2016.jpg 640w, https:\/\/landfrauenverein-merdingen.de\/wp-content\/uploads\/2015\/12\/Gassen-Weinfest-2016-300x200.jpg 300w, https:\/\/landfrauenverein-merdingen.de\/wp-content\/uploads\/2015\/12\/Gassen-Weinfest-2016-450x300.jpg 450w\" sizes=\"auto, (max-width: 640px) 100vw, 640px\" \/><\/a><\/p>\n","protected":false},"excerpt":{"rendered":"<p>&nbsp; Kreisverkehr pflegen am Montag, 21.12.2015 um 15:00 Uhr Der Kreisverkehr wurde\u00a02015 noch einmal in Ordnung gebracht. Unter der Regie von Sigrid wurden\u00a0die Pflanzen\u00a0zur\u00fcckgeschnitten und das Laub entfernt. Adventskaffee am Dienstag, 08.12. 2015 um 15:00 Uhr im DIALEKT Rita liest &hellip; <a href=\"https:\/\/landfrauenverein-merdingen.de\/?page_id=531\">Weiterlesen <span class=\"meta-nav\">&rarr;<\/span><\/a><\/p>\n","protected":false},"author":2,"featured_media":0,"parent":2908,"menu_order":7,"comment_status":"closed","ping_status":"closed","template":"","meta":{"footnotes":""},"class_list":["post-531","page","type-page","status-publish","hentry"],"_links":{"self":[{"href":"https:\/\/landfrauenverein-merdingen.de\/index.php?rest_route=\/wp\/v2\/pages\/531","targetHints":{"allow":["GET"]}}],"collection":[{"href":"https:\/\/landfrauenverein-merdingen.de\/index.php?rest_route=\/wp\/v2\/pages"}],"about":[{"href":"https:\/\/landfrauenverein-merdingen.de\/index.php?rest_route=\/wp\/v2\/types\/page"}],"author":[{"embeddable":true,"href":"https:\/\/landfrauenverein-merdingen.de\/index.php?rest_route=\/wp\/v2\/users\/2"}],"replies":[{"embeddable":true,"href":"https:\/\/landfrauenverein-merdingen.de\/index.php?rest_route=%2Fwp%2Fv2%2Fcomments&post=531"}],"version-history":[{"count":5,"href":"https:\/\/landfrauenverein-merdingen.de\/index.php?rest_route=\/wp\/v2\/pages\/531\/revisions"}],"predecessor-version":[{"id":3696,"href":"https:\/\/landfrauenverein-merdingen.de\/index.php?rest_route=\/wp\/v2\/pages\/531\/revisions\/3696"}],"up":[{"embeddable":true,"href":"https:\/\/landfrauenverein-merdingen.de\/index.php?rest_route=\/wp\/v2\/pages\/2908"}],"wp:attachment":[{"href":"https:\/\/landfrauenverein-merdingen.de\/index.php?rest_route=%2Fwp%2Fv2%2Fmedia&parent=531"}],"curies":[{"name":"wp","href":"https:\/\/api.w.org\/{rel}","templated":true}]}}