{"id":2614,"date":"2021-07-03T17:49:26","date_gmt":"2021-07-03T15:49:26","guid":{"rendered":"https:\/\/landfrauenverein-merdingen.de\/?page_id=2614"},"modified":"2025-03-14T13:54:17","modified_gmt":"2025-03-14T12:54:17","slug":"2614-2","status":"publish","type":"page","link":"https:\/\/landfrauenverein-merdingen.de\/?page_id=2614","title":{"rendered":"Aktivit\u00e4ten 2021"},"content":{"rendered":"\n<p class=\"has-text-color\" style=\"color:#dd0202\"><\/p>\n\n\n<p class=\"has-text-color\">\n<\/p><p><!-- \/wp:post-content --><!-- wp:paragraph --><\/p>\n<p><!-- \/wp:paragraph --><!-- wp:paragraph --><\/p>\n<p><!-- wp:paragraph --><\/p>\n<p><!-- \/wp:paragraph --><\/p>\n<p><!-- wp:heading --><\/p>\n<p><!-- \/wp:heading --><\/p>\n<p><!-- wp:heading {\"style\":{\"color\":{\"text\":\"#a30000\"}}} --><\/p>\n<h2 class=\"has-text-color\" style=\"color: #a30000;\">Liebe Weihnachtsgr\u00fc\u00dfe von der Vorstandschaft<\/h2>\n<p><!-- \/wp:heading --><\/p>\n<p><!-- wp:paragraph --><\/p>\n<p>Ein kleines liebevolles Geschenkle zur Weihnachtszeit brachten die Vorstandsfrauen bei den Mitgliedern vorbei. Eine T\u00fcte Weihnachtsbr\u00f6tle mit einem Engele und <strong>lieben Gr\u00fc\u00dfen und W\u00fcnschen f\u00fcr Weihnachten und das Neue Jahr.<\/strong><\/p>\n<p><!-- \/wp:paragraph --><\/p>\n<p><!-- wp:paragraph --><\/p>\n<p>Eine sehr nette Geste, wo doch die Adventsfeier zum 2. mal ausfallen musste. Danke!<\/p>\n<p><!-- \/wp:paragraph --><\/p>\n<p><!-- wp:image {\"id\":2775,\"sizeSlug\":\"full\",\"linkDestination\":\"media\"} --><\/p>\n<figure class=\"wp-block-image size-full\"><a href=\"https:\/\/landfrauenverein-merdingen.de\/wp-content\/uploads\/2021\/12\/Geschenkle-2021.jpg\"><img loading=\"lazy\" decoding=\"async\" width=\"630\" height=\"481\" class=\"wp-image-2775\" src=\"https:\/\/landfrauenverein-merdingen.de\/wp-content\/uploads\/2021\/12\/Geschenkle-2021.jpg\" alt=\"\" srcset=\"https:\/\/landfrauenverein-merdingen.de\/wp-content\/uploads\/2021\/12\/Geschenkle-2021.jpg 630w, https:\/\/landfrauenverein-merdingen.de\/wp-content\/uploads\/2021\/12\/Geschenkle-2021-300x229.jpg 300w, https:\/\/landfrauenverein-merdingen.de\/wp-content\/uploads\/2021\/12\/Geschenkle-2021-393x300.jpg 393w\" sizes=\"auto, (max-width: 630px) 100vw, 630px\" \/><\/a><\/figure>\n<p><!-- \/wp:image --><\/p>\n<p><!-- wp:paragraph --><\/p>\n<p><!-- \/wp:paragraph --><\/p>\n<p><!-- wp:paragraph --><\/p>\n<p><!-- \/wp:paragraph --><\/p>\n<p><!-- wp:paragraph --><\/p>\n<p><!-- \/wp:paragraph --><\/p>\n<p><!-- wp:heading --><\/p>\n<h2><mark class=\"has-inline-color\" style=\"background-color: rgba(0, 0, 0, 0); color: #d11605;\">Adventskaffee abgesagt!<\/mark><\/h2>\n<p><!-- \/wp:heading --><\/p>\n<p><!-- wp:paragraph --><\/p>\n<p>Wegen den aktuellen Corona-Infektionszahlen haben wir uns schweren Herzens entschieden den Adventskafee am 7. Dezember abzusagen.<\/p>\n<p><!-- \/wp:paragraph --><\/p>\n<p><!-- wp:paragraph --><\/p>\n<p>Wir hoffen auf bessere Zeiten und w\u00fcnschen Euch eine sch\u00f6ne Adventszeit!<\/p>\n<p><!-- \/wp:paragraph --><\/p>\n<p><!-- wp:paragraph --><\/p>\n<p><strong><span class=\"has-inline-color\" style=\"color: #ed0808;\">Vortrag am Dienstag, den 23. November 2021 um 19 Uhr<\/span><\/strong> im Raum der LandFrauen in der alten Schule<\/p>\n<p><!-- \/wp:paragraph --><\/p>\n<p><!-- wp:paragraph --><\/p>\n<p>&nbsp;Wie das richtige Essen in der Pausenbox Schulkindern beim Lernen hilft. Einen Schultag konzentriert zu meistern kostet Energie. Schlau gew\u00e4hlte Snacks in der Pausenbox liefern nicht nur neue Power, sie versorgen das Gehirn auch mit wichtigen N\u00e4hrstoffen, um Lernprozesse, Ged\u00e4chtnisleistung und Motivation optimal zu unterst\u00fctzen. Erkenntnisse aus der Ern\u00e4hrungswissenschaft f\u00fcr die Praxis im Familienalltag &#8211; f\u00fcr Eltern mit kleinen und gro\u00dfen Schulkindern Ein Vortrag von und mit Katja Mangold, Ern\u00e4hrungsberaterin.<\/p>\n<p><!-- \/wp:paragraph --><\/p>\n<p><!-- wp:paragraph --><\/p>\n<p><span class=\"has-inline-color\" style=\"color: #a30012;\"><strong>Offener Strick-und H\u00e4keltreff begann am Donnerstag, den 18.11.2021<\/strong> <\/span><\/p>\n<p><!-- \/wp:paragraph --><\/p>\n<p><!-- wp:heading --><\/p>\n<h2>&#8230;<\/h2>\n<p><!-- \/wp:heading --><\/p>\n<p><!-- wp:paragraph --><\/p>\n<p><strong><span class=\"has-inline-color\" style=\"color: #a30000;\">Merdingen bl\u00fcht auf<\/span><\/strong><\/p>\n<p><!-- \/wp:paragraph --><\/p>\n<p><!-- wp:paragraph --><\/p>\n<p>Acht flei\u00dfige Helfer, rund 3000 Blumenzwiebeln, vier Stunden Arbeit und viel Spa\u00df. Im letzten Fr\u00fchling haben wir von Merdinger B\u00fcrgern Blumenzwiebeln gesammelt, \u00fcber den Sommer gelagert und nun letzten Freitag 12.11. eingepflanzt. Dank dem Erl\u00f6s vom Flohmarkt der SPD-Offenen Liste konnten wir noch viele Zwiebeln dazu kaufen. Auch wurden wir w\u00e4hrend unserer Arbeit mit Punsch, Gl\u00fchwein und Lebkuchen gut versorgt. Herzlichen Dank an ALLE, vor allem den Helfern die so tatkr\u00e4ftig mit dabei waren! Nun freuen wir uns auf das Ergebnis im kommenden Fr\u00fchjahr<\/p>\n<p><!-- \/wp:paragraph --><\/p>\n<p><!-- wp:paragraph --><\/p>\n<p>Ilona, Alexandra und Sigrid<\/p>\n<p><!-- \/wp:paragraph --><\/p>\n<p><!-- wp:heading --><\/p>\n<h2><strong><span class=\"has-inline-color\" style=\"color: #a31200;\">Z`Liecht go und Generalversammlung am Dienstag den 9. November 2021 um 18 Uhr im Wed\u00e4wit.<\/span><\/strong><\/h2>\n<p><!-- \/wp:heading --><\/p>\n<p><!-- wp:group --><\/p>\n<div class=\"wp-block-group\"><!-- wp:paragraph --><p><\/p>\n<p>Die Vorstandschaft hatte zu dieser Doppelveranstaltung &nbsp;eingeladen und eine erfreulich gro\u00dfe Zahl der Mitglieder hat sich im Kerzenschein geschm\u00fcckten Wed\u00e4wit eingefunden. Am Eingang wurde registriert und Impfausweise kontrolliert.<\/p>\n<p><!-- \/wp:paragraph --><\/p>\n<p><!-- wp:image {\"id\":2731,\"sizeSlug\":\"full\",\"linkDestination\":\"media\"} --><\/p>\n<figure class=\"wp-block-image size-full\"><a href=\"https:\/\/landfrauenverein-merdingen.de\/wp-content\/uploads\/2021\/12\/Vorstand-3.jpg\"><img loading=\"lazy\" decoding=\"async\" width=\"547\" height=\"354\" class=\"wp-image-2731\" src=\"https:\/\/landfrauenverein-merdingen.de\/wp-content\/uploads\/2021\/12\/Vorstand-3.jpg\" alt=\"\" srcset=\"https:\/\/landfrauenverein-merdingen.de\/wp-content\/uploads\/2021\/12\/Vorstand-3.jpg 547w, https:\/\/landfrauenverein-merdingen.de\/wp-content\/uploads\/2021\/12\/Vorstand-3-300x194.jpg 300w, https:\/\/landfrauenverein-merdingen.de\/wp-content\/uploads\/2021\/12\/Vorstand-3-464x300.jpg 464w\" sizes=\"auto, (max-width: 547px) 100vw, 547px\" \/><\/a><\/figure>\n<p><!-- \/wp:image --><\/p>\n<p><!-- wp:paragraph --><\/p>\n<p>Die letzte Generalversammlung fand Corona bedingt im Mai 2019 statt. &nbsp;Fasnacht 2020 war die letzte Veranstaltung vor Corona<\/p>\n<p><!-- \/wp:paragraph --><\/p>\n<p><!-- wp:paragraph --><\/p>\n<p>Da danach, im M\u00e4rz 2020 Corona ausbrach mussten die meisten geplanten Veranstaltungen abgesagt werden. So konnte Sigrid in ihren Jahresberichten nur \u00fcber wenige Treffen berichten. Die Vorstandschaft traf sich trotzdem oft, plante und wurde wieder ausgebremst.<\/p>\n<p><!-- \/wp:paragraph --><\/p>\n<p><!-- wp:paragraph --><\/p>\n<p>Nach den Regularien und der Entlastung wurde das neue Jahresprogramm vorgestellt. (sofern es Corona erlaubt.) Das Jahresprogramm gab es auch in einem Flyer der verteilt wurde.<\/p>\n<p><!-- \/wp:paragraph --><\/p>\n<p><!-- wp:image {\"id\":2732,\"sizeSlug\":\"large\",\"linkDestination\":\"media\"} --><\/p>\n<figure class=\"wp-block-image size-large\"><a href=\"https:\/\/landfrauenverein-merdingen.de\/wp-content\/uploads\/2021\/12\/Mitgliedsausweis-2.jpeg\"><img loading=\"lazy\" decoding=\"async\" width=\"1024\" height=\"708\" class=\"wp-image-2732\" src=\"https:\/\/landfrauenverein-merdingen.de\/wp-content\/uploads\/2021\/12\/Mitgliedsausweis-2-1024x708.jpeg\" alt=\"\" srcset=\"https:\/\/landfrauenverein-merdingen.de\/wp-content\/uploads\/2021\/12\/Mitgliedsausweis-2-1024x708.jpeg 1024w, https:\/\/landfrauenverein-merdingen.de\/wp-content\/uploads\/2021\/12\/Mitgliedsausweis-2-300x208.jpeg 300w, https:\/\/landfrauenverein-merdingen.de\/wp-content\/uploads\/2021\/12\/Mitgliedsausweis-2-768x531.jpeg 768w, https:\/\/landfrauenverein-merdingen.de\/wp-content\/uploads\/2021\/12\/Mitgliedsausweis-2-434x300.jpeg 434w, https:\/\/landfrauenverein-merdingen.de\/wp-content\/uploads\/2021\/12\/Mitgliedsausweis-2.jpeg 1411w\" sizes=\"auto, (max-width: 1024px) 100vw, 1024px\" \/><\/a><\/figure>\n<p><!-- \/wp:image --><\/p>\n<p><!-- wp:paragraph --><\/p>\n<p>Vorgestellt und verteilt wurde auch der neuen Mitgliederausweis vom LandFrauenverband.<\/p>\n<p><!-- \/wp:paragraph --><\/p>\n<p><!-- wp:paragraph --><\/p>\n<p>Nach dem Ende der Tagesordnung, dem offiziellen Teil, ging es zum gem\u00fctlichen Teil, zum \u201eLiechtgang\u201c \u00fcber.<\/p>\n<p><!-- \/wp:paragraph --><\/p>\n<p><!-- wp:paragraph --><\/p>\n<p>Ilona hatte ein z\u00fcnftiges Vesperbuffet vorbereitet.<\/p>\n<p><!-- \/wp:paragraph --><\/p>\n<p><!-- wp:gallery {\"linkTo\":\"media\"} --><\/p>\n<figure class=\"wp-block-gallery has-nested-images columns-default is-cropped\"><!-- wp:image {\"id\":2733,\"sizeSlug\":\"large\",\"linkDestination\":\"media\"} --><p><\/p>\n<figure class=\"wp-block-image size-large\"><a href=\"https:\/\/landfrauenverein-merdingen.de\/wp-content\/uploads\/2021\/12\/Deko-2.jpg\"><img loading=\"lazy\" decoding=\"async\" width=\"400\" height=\"539\" class=\"wp-image-2733\" src=\"https:\/\/landfrauenverein-merdingen.de\/wp-content\/uploads\/2021\/12\/Deko-2.jpg\" alt=\"\" srcset=\"https:\/\/landfrauenverein-merdingen.de\/wp-content\/uploads\/2021\/12\/Deko-2.jpg 400w, https:\/\/landfrauenverein-merdingen.de\/wp-content\/uploads\/2021\/12\/Deko-2-223x300.jpg 223w\" sizes=\"auto, (max-width: 400px) 100vw, 400px\" \/><\/a><\/figure>\n<p><!-- \/wp:image --><\/p>\n<p><!-- wp:image {\"id\":2734,\"sizeSlug\":\"large\",\"linkDestination\":\"media\"} --><\/p>\n<figure class=\"wp-block-image size-large\"><a href=\"https:\/\/landfrauenverein-merdingen.de\/wp-content\/uploads\/2021\/12\/Buffet-3.jpg\"><img loading=\"lazy\" decoding=\"async\" width=\"630\" height=\"856\" class=\"wp-image-2734\" src=\"https:\/\/landfrauenverein-merdingen.de\/wp-content\/uploads\/2021\/12\/Buffet-3.jpg\" alt=\"\" srcset=\"https:\/\/landfrauenverein-merdingen.de\/wp-content\/uploads\/2021\/12\/Buffet-3.jpg 630w, https:\/\/landfrauenverein-merdingen.de\/wp-content\/uploads\/2021\/12\/Buffet-3-221x300.jpg 221w\" sizes=\"auto, (max-width: 630px) 100vw, 630px\" \/><\/a><\/figure>\n<p><!-- \/wp:image --><\/p>\n<p><!-- wp:image {\"id\":2735,\"sizeSlug\":\"large\",\"linkDestination\":\"media\"} --><\/p>\n<figure class=\"wp-block-image size-large\"><a href=\"https:\/\/landfrauenverein-merdingen.de\/wp-content\/uploads\/2021\/12\/Buffet-2.jpg\"><img loading=\"lazy\" decoding=\"async\" width=\"630\" height=\"863\" class=\"wp-image-2735\" src=\"https:\/\/landfrauenverein-merdingen.de\/wp-content\/uploads\/2021\/12\/Buffet-2.jpg\" alt=\"\" srcset=\"https:\/\/landfrauenverein-merdingen.de\/wp-content\/uploads\/2021\/12\/Buffet-2.jpg 630w, https:\/\/landfrauenverein-merdingen.de\/wp-content\/uploads\/2021\/12\/Buffet-2-219x300.jpg 219w\" sizes=\"auto, (max-width: 630px) 100vw, 630px\" \/><\/a><\/figure>\n<p><!-- \/wp:image --><\/p>\n<p><!-- wp:image {\"id\":2737,\"sizeSlug\":\"large\",\"linkDestination\":\"media\"} --><\/p>\n<figure class=\"wp-block-image size-large\"><a href=\"https:\/\/landfrauenverein-merdingen.de\/wp-content\/uploads\/2021\/12\/Wurstplatte-2.jpg\"><img loading=\"lazy\" decoding=\"async\" width=\"630\" height=\"314\" class=\"wp-image-2737\" src=\"https:\/\/landfrauenverein-merdingen.de\/wp-content\/uploads\/2021\/12\/Wurstplatte-2.jpg\" alt=\"\" srcset=\"https:\/\/landfrauenverein-merdingen.de\/wp-content\/uploads\/2021\/12\/Wurstplatte-2.jpg 630w, https:\/\/landfrauenverein-merdingen.de\/wp-content\/uploads\/2021\/12\/Wurstplatte-2-300x150.jpg 300w, https:\/\/landfrauenverein-merdingen.de\/wp-content\/uploads\/2021\/12\/Wurstplatte-2-500x249.jpg 500w\" sizes=\"auto, (max-width: 630px) 100vw, 630px\" \/><\/a><\/figure>\n<p><!-- \/wp:image --><\/p>\n<p><!-- wp:image {\"id\":2742,\"sizeSlug\":\"large\",\"linkDestination\":\"media\"} --><\/p>\n<figure class=\"wp-block-image size-large\"><a href=\"https:\/\/landfrauenverein-merdingen.de\/wp-content\/uploads\/2021\/12\/Tisch-3.jpg\"><img loading=\"lazy\" decoding=\"async\" width=\"630\" height=\"314\" class=\"wp-image-2742\" src=\"https:\/\/landfrauenverein-merdingen.de\/wp-content\/uploads\/2021\/12\/Tisch-3.jpg\" alt=\"\" srcset=\"https:\/\/landfrauenverein-merdingen.de\/wp-content\/uploads\/2021\/12\/Tisch-3.jpg 630w, https:\/\/landfrauenverein-merdingen.de\/wp-content\/uploads\/2021\/12\/Tisch-3-300x150.jpg 300w, https:\/\/landfrauenverein-merdingen.de\/wp-content\/uploads\/2021\/12\/Tisch-3-500x249.jpg 500w\" sizes=\"auto, (max-width: 630px) 100vw, 630px\" \/><\/a><\/figure>\n<p><!-- \/wp:image --><\/p>\n<\/figure>\n<p><!-- \/wp:gallery --><\/p>\n<p><!-- wp:paragraph --><\/p>\n<p>Es war sch\u00f6nes Gef\u00fchl sich wieder in diesem Kreis zu treffen und sich auszutauschen. Es war sch\u00f6n.<strong>&nbsp;<\/strong>Dankesch\u00f6n!<\/p>\n<p><!-- \/wp:paragraph --><\/p>\n<\/div>\n<p><!-- \/wp:group --><\/p>\n<p><!-- wp:paragraph --><\/p>\n<p id=\"block-df4dcc64-16bc-4c67-924c-43364c8a347c\"><strong><span class=\"has-inline-color\" style=\"color: #a30031;\">Endlich war es soweit! <\/span><\/strong><\/p>\n<p><!-- \/wp:paragraph --><\/p>\n<p><!-- wp:paragraph --><\/p>\n<p id=\"block-df4dcc64-16bc-4c67-924c-43364c8a347c\"><mark class=\"has-inline-color\" style=\"background-color: rgba(0, 0, 0, 0); color: #a30042;\">8. Juli 2021, 18 Uhr. Das 1. Treffen<\/mark> in diesem Jahr hat unter gro\u00dfer Beteiligung im &#8222;Wed\u00e4wit&#8220; stattgefunden.<\/p>\n<p><!-- \/wp:paragraph --><\/p>\n<p><!-- wp:paragraph --><\/p>\n<p id=\"block-df4dcc64-16bc-4c67-924c-43364c8a347c\">Schon eine viertel Stunde vor Beginn sah man die Teilnehmerinnen in Gruppen, gehend, radelnd, fahrend, sich in Richtung Wed\u00e4wit bewegend. Die Freude sich in diesem Kreis wieder zu begegnen war zu sehen und zu h\u00f6ren. Gastlichkeit, gedeckte Tische drinnen und drau\u00dfen, sowie das Vorstandsteam erwarteten die Frauen.<\/p>\n<p><!-- \/wp:paragraph --><\/p>\n<p><!-- wp:image {\"id\":2664,\"width\":300,\"height\":166,\"sizeSlug\":\"large\",\"linkDestination\":\"media\"} --><\/p>\n<figure class=\"wp-block-image size-large is-resized\"><a href=\"https:\/\/landfrauenverein-merdingen.de\/wp-content\/uploads\/2021\/07\/Ilona-Sigrid-630.jpg\"><img loading=\"lazy\" decoding=\"async\" class=\"wp-image-2664\" src=\"https:\/\/landfrauenverein-merdingen.de\/wp-content\/uploads\/2021\/07\/Ilona-Sigrid-630.jpg\" alt=\"\" width=\"300\" height=\"166\"><\/a><\/figure>\n<p><!-- \/wp:image --><\/p>\n<p><!-- wp:paragraph --><\/p>\n<p id=\"block-df4dcc64-16bc-4c67-924c-43364c8a347c\">Sigrid und Ilona begr\u00fc\u00dften, machten einen R\u00fcckblick \u00fcber die letzten zwei Jahre. Sie z\u00e4hlten auf, was alles nicht stattfinden konnte, gaben aber auch einen Ausblick auf Das, was alles geplant ist, worauf wir uns freuen k\u00f6nnen wenn Corona es zul\u00e4sst.<\/p>\n<p><!-- \/wp:paragraph --><\/p>\n<p><!-- wp:image {\"id\":2665,\"width\":225,\"height\":136,\"sizeSlug\":\"large\",\"linkDestination\":\"media\"} --><\/p>\n<figure class=\"wp-block-image size-large is-resized\"><a href=\"https:\/\/landfrauenverein-merdingen.de\/wp-content\/uploads\/2021\/07\/Flammenkuchen-300.jpg\"><img loading=\"lazy\" decoding=\"async\" class=\"wp-image-2665\" src=\"https:\/\/landfrauenverein-merdingen.de\/wp-content\/uploads\/2021\/07\/Flammenkuchen-300.jpg\" alt=\"\" width=\"225\" height=\"136\"><\/a><\/figure>\n<p><!-- \/wp:image --><\/p>\n<p><!-- wp:paragraph --><\/p>\n<p>So wurde es ein geselliger Abend mit fr\u00f6hlichen Gesichtern, anregenden Gespr\u00e4chen, Flammenkuchen und diversen Getr\u00e4nken. Danke an die Vorstandschaft f\u00fcr diesen Startschuss in die Zukunft.<\/p>\n<p><!-- \/wp:paragraph --><\/p>\n<p><!-- wp:paragraph --><\/p>\n<p id=\"block-df4dcc64-16bc-4c67-924c-43364c8a347c\">\n<\/p><p><!-- \/wp:paragraph --><\/p>\n<p><!-- wp:paragraph --><\/p>\n<p id=\"block-df4dcc64-16bc-4c67-924c-43364c8a347c\"><strong><span class=\"has-inline-color\" style=\"color: #a30016;\">Es gibt uns noch!<\/span><\/strong><\/p>\n<p><!-- \/wp:paragraph --><\/p>\n<p><!-- wp:paragraph --><\/p>\n<p id=\"block-0b4e2773-f5fc-4088-b078-5b0a1ed0d286\">Als kleinen Startschuss in die Zeit nach Corona wollen wir LandFrauen uns am Donnerstag, den 8. Juli 2021 im Wed\u00e4wit bei Ilona treffen.<\/p>\n<p><!-- \/wp:paragraph --><\/p>\n<p><!-- wp:paragraph --><\/p>\n<p id=\"block-2d3380e5-68bf-4bf3-be3f-2e1b3f89bb73\">&nbsp;Es wird Flammkuchen, Getr\u00e4nke und den ein oder anderen Cocktail geben. Wir beginnen um 18 Uhr.<\/p>\n<p><!-- \/wp:paragraph --><\/p>\n<p><!-- wp:paragraph --><\/p>\n<p id=\"block-51abcfc8-d9f4-4387-9df3-db8b09e4a83a\">Die Veranstaltung findet nat\u00fcrlich unter den aktuell empfohlenen Hygienema\u00dfnahmen statt. Wir freuen uns Euch endlich mal wieder zu treffen!<\/p>\n<p><!-- \/wp:paragraph --><\/p>\n<p><!-- wp:paragraph --><\/p>\n<p id=\"block-99d64e6a-4493-48cf-b01c-552e19a57f04\">Euer Vorstandsteam der LandFrauen Merdingen<\/p>\n<p><!-- \/wp:paragraph --><\/p>\n<p><!-- wp:paragraph --><\/p>\n<p id=\"block-19cd2416-f33a-481a-ab2b-95e052383217\"><strong><span class=\"has-inline-color\" style=\"color: #a30016;\">Einladung zum 1. Online-BezirksLandFrauentag<\/span><\/strong><\/p>\n<p><!-- \/wp:paragraph --><\/p>\n<p><!-- wp:paragraph --><\/p>\n<p id=\"block-0c5452c6-6ba1-4091-b0ab-01549ac24a0f\">Liebe LandFrauen<\/p>\n<p><!-- \/wp:paragraph --><\/p>\n<p><!-- wp:paragraph --><\/p>\n<p id=\"block-720876d1-03b9-4f1c-b908-7c916c51f971\">hiermit laden wir Euch recht herzlich zu unserem 1. Online-BezirksLandFrauentag ein.<\/p>\n<p><!-- \/wp:paragraph --><\/p>\n<p><!-- wp:paragraph --><\/p>\n<p id=\"block-dfb55c13-e0ff-4de1-a151-14baeeb67bfe\">Wir feiern unser<strong> 50. Jubil\u00e4um<\/strong> zu einer ungew\u00f6hnlichen Zeit, an einem ungew\u00f6hnlichen Ort:<\/p>\n<p><!-- \/wp:paragraph --><\/p>\n<p><!-- wp:paragraph --><\/p>\n<p id=\"block-b32c9484-41c5-4710-8420-b08dabdb628b\">Sonntag, 11. Juli 2021 um 9.30 Uhr<\/p>\n<p><!-- \/wp:paragraph --><\/p>\n<p><!-- wp:paragraph --><\/p>\n<p id=\"block-1a90d7cd-629a-4115-855f-fdd2099ef698\">Das Treffen findet als Zoom-Meeting statt und dauert bis 12.30 Uhr. Wie in jedem Jahr gibt es prominente G\u00e4ste. Aber &#8211; die Stars des Tages seid ihr! Zusammen wird gefeiert, gestaunt und gelacht.<\/p>\n<p><!-- \/wp:paragraph --><\/p>\n<p><!-- wp:paragraph --><\/p>\n<p id=\"block-022b0278-b77c-452b-ba98-c9c7b5eddc4c\">Ein Highlight an diesem Sonntagvormittag ist der Vortrag von Anke Precht:<\/p>\n<p><!-- \/wp:paragraph --><\/p>\n<p><!-- wp:paragraph --><\/p>\n<p id=\"block-22a8c5a6-74a6-43bb-ba75-82490751213d\"><strong>Be happy- Wie Du Dich zum Gl\u00fcckspilz machst<\/strong><\/p>\n<p><!-- \/wp:paragraph --><\/p>\n<p><!-- wp:paragraph --><\/p>\n<p id=\"block-dba1f609-4dc6-49e8-91e4-27f82812e93e\">Wir bitten um Anmeldung pro Endger\u00e4t bis zum 5. Juli 2021 direkt unter landfrauen.bezirk.freiburg@gmail.com mit Vor &#8211; und Zuname und Ortsverein. Der Zugangslink wird nach dem 5.7. zugesandt!<\/p>\n<p><!-- \/wp:paragraph --><\/p>\n<p><!-- wp:paragraph --><\/p>\n<p id=\"block-dc9c1761-ee00-4524-bf78-09fe0a7305e3\">Mit freundlichen Gr\u00fc\u00dfen<\/p>\n<p><!-- \/wp:paragraph --><\/p>\n<p><!-- wp:paragraph --><\/p>\n<p id=\"block-3185e3e5-a743-4dc4-8a2a-d73a7bd96118\">Die Mitglieder des Bezirksvorstands<\/p>\n<p><!-- \/wp:paragraph --><\/p>\n<p><!-- wp:paragraph --><\/p>\n<p id=\"block-861cfdaa-89f9-4b43-8948-cc63d040f025\"><strong><span class=\"has-inline-color\" style=\"color: #a30012;\">Mitgliederinfo<\/span><\/strong><\/p>\n<p><!-- \/wp:paragraph --><\/p>\n<p><!-- wp:paragraph --><\/p>\n<p id=\"block-4e68873b-378f-4001-a924-a4d1ca5f429d\">In der zweiten Juniwoche wird der Mitgliedsbeitrag 2021 f\u00fcr die LandFrauen Merdingen abgebucht.<\/p>\n<p><!-- \/wp:paragraph --><\/p>\n<p><!-- wp:paragraph --><\/p>\n<p><strong><span class=\"has-inline-color\" style=\"color: #a30016;\">Bald geht es weiter!<\/span><\/strong><\/p>\n<p><!-- \/wp:paragraph --><\/p>\n<p><!-- wp:paragraph --><\/p>\n<p>Wir hoffen Ihr seid nach der Corona- Pause wieder Alle dabei, So wie es aktuell aussieht haben wir es bald geschafft. Die Vorstandschaft trifft sich sobald wie m\u00f6glich. Wir freuen uns, dass wir dann endlich wieder ein Programm planen und anbieten k\u00f6nnen. Ideen gibt es gen\u00fcgend.<\/p>\n<p><!-- \/wp:paragraph --><\/p>\n<p><!-- wp:paragraph --><\/p>\n<p>Bis bald,<\/p>\n<p><!-- \/wp:paragraph --><\/p>\n<p><!-- wp:paragraph --><\/p>\n<p>das Vorstandsteam<\/p>\n<p><!-- \/wp:paragraph --><\/p>\n<p><!-- wp:paragraph --><\/p>\n<p>_____________________________________________________________<\/p>\n<p><!-- \/wp:paragraph --><\/p>\n<p><!-- wp:paragraph --><\/p>\n<p><em><span class=\"has-inline-color has-dark-gray-color\">Aus dem Merdinger Mitteilungsblatt:<\/span><\/em><\/p>\n<p><!-- \/wp:paragraph --><\/p>\n<p><!-- wp:paragraph --><\/p>\n<p><strong>Blumenzwiebeln-Sammelaktion<\/strong><\/p>\n<p><!-- \/wp:paragraph --><\/p>\n<p><!-- wp:paragraph --><\/p>\n<p>Am Samstag 15.05.2021 schlie\u00dfen unsere Sammelstellen. Herzlichen Dank an alle SpenderInnen! I<\/p>\n<p><!-- \/wp:paragraph --><\/p>\n<p><!-- wp:paragraph --><\/p>\n<p>Im Herbst wird es dann eine Einpflanzaktion geben. Weitere Infos folgen dann.<\/p>\n<p><!-- \/wp:paragraph --><\/p>\n<p><!-- wp:paragraph --><\/p>\n<p>Blumige Gr\u00fc\u00dfe,<\/p>\n<p><!-- \/wp:paragraph --><\/p>\n<p><!-- wp:paragraph --><\/p>\n<p>Sigrid Schnurr, Ilona Sch\u00e4chtele, Vroni M\u00f6ssner und Alexandra Nothstein<\/p>\n<p><!-- \/wp:paragraph --><\/p>\n<p><!-- wp:paragraph --><\/p>\n<p><strong>Sammelaktion von Blumenzwiebeln<\/strong><\/p>\n<p><!-- \/wp:paragraph --><\/p>\n<p><!-- wp:paragraph --><\/p>\n<p>Viele haben sich schon Fr\u00fchlingsboten wie Tulpen, Osterglocken etc. ins Haus geholt. Sind diese verbl\u00fcht, muss man sie nicht wegwerfen.<\/p>\n<p><!-- \/wp:paragraph --><\/p>\n<p><!-- wp:paragraph --><\/p>\n<p>Wir w\u00fcrden sie gerne sammeln und im kommenden Herbst an geeigneter Stelle pflanzen, so dass sie im n\u00e4chsten Fr\u00fchling Merdingen ein bisschen bunter machen.<\/p>\n<p><!-- \/wp:paragraph --><\/p>\n<p><!-- wp:paragraph --><\/p>\n<p>Sammelbeh\u00e4lter stehen ab dem 20.02. an der alten Schule, bei Vroni M\u00f6ssner, Kirchgasse 57 und bei der Landjugend in der Rittgasse (um die Ecke, unterm Dach).<\/p>\n<p><!-- \/wp:paragraph --><\/p>\n<p><!-- wp:paragraph --><\/p>\n<p>Bitte die noch gr\u00fcnen Pflanzenteile nicht abschneiden, einfach so in die Sammelbeh\u00e4lter geben. Danke !!<\/p>\n<p><!-- \/wp:paragraph --><\/p>\n<p><!-- wp:paragraph --><\/p>\n<p>_____________________________________________________________________<\/p>\n<p><!-- \/wp:paragraph --><\/p>\n<p><!-- wp:image {\"align\":\"center\",\"id\":2481,\"sizeSlug\":\"large\",\"linkDestination\":\"media\"} --><\/p>\n<figure class=\"wp-block-image aligncenter size-large\"><a href=\"https:\/\/landfrauenverein-merdingen.de\/wp-content\/uploads\/2021\/01\/2021-g.jpg\"><img loading=\"lazy\" decoding=\"async\" width=\"400\" height=\"207\" class=\"wp-image-2481\" src=\"https:\/\/landfrauenverein-merdingen.de\/wp-content\/uploads\/2021\/01\/2021-g.jpg\" alt=\"\" srcset=\"https:\/\/landfrauenverein-merdingen.de\/wp-content\/uploads\/2021\/01\/2021-g.jpg 400w, https:\/\/landfrauenverein-merdingen.de\/wp-content\/uploads\/2021\/01\/2021-g-300x155.jpg 300w\" sizes=\"auto, (max-width: 400px) 100vw, 400px\" \/><\/a><\/figure>\n<p><!-- \/wp:image --><\/p>\n<p><!-- wp:image {\"align\":\"center\"} --><\/p>\n<figure class=\"wp-block-image aligncenter\"><img decoding=\"async\" src=\"https:\/\/landfrauenverein-merdingen.de\/wp-content\/uploads\/2021\/01\/Ein-sch%C3%B6ner-Tag-Text-2.jpg\" alt=\"Dieses Bild hat ein leeres Alt-Attribut. Der Dateiname ist Ein-sch\u00f6ner-Tag-Text-2.jpg\"><\/figure>\n<p><!-- \/wp:image --><\/p>","protected":false},"excerpt":{"rendered":"<p>Liebe Weihnachtsgr\u00fc\u00dfe von der Vorstandschaft Ein kleines liebevolles Geschenkle zur Weihnachtszeit brachten die Vorstandsfrauen bei den Mitgliedern vorbei. Eine T\u00fcte Weihnachtsbr\u00f6tle mit einem Engele und lieben Gr\u00fc\u00dfen und W\u00fcnschen f\u00fcr Weihnachten und das Neue Jahr. Eine sehr nette Geste, wo &hellip; <a href=\"https:\/\/landfrauenverein-merdingen.de\/?page_id=2614\">Weiterlesen <span class=\"meta-nav\">&rarr;<\/span><\/a><\/p>\n","protected":false},"author":2,"featured_media":0,"parent":2908,"menu_order":1,"comment_status":"closed","ping_status":"closed","template":"","meta":{"footnotes":""},"class_list":["post-2614","page","type-page","status-publish","hentry"],"_links":{"self":[{"href":"https:\/\/landfrauenverein-merdingen.de\/index.php?rest_route=\/wp\/v2\/pages\/2614","targetHints":{"allow":["GET"]}}],"collection":[{"href":"https:\/\/landfrauenverein-merdingen.de\/index.php?rest_route=\/wp\/v2\/pages"}],"about":[{"href":"https:\/\/landfrauenverein-merdingen.de\/index.php?rest_route=\/wp\/v2\/types\/page"}],"author":[{"embeddable":true,"href":"https:\/\/landfrauenverein-merdingen.de\/index.php?rest_route=\/wp\/v2\/users\/2"}],"replies":[{"embeddable":true,"href":"https:\/\/landfrauenverein-merdingen.de\/index.php?rest_route=%2Fwp%2Fv2%2Fcomments&post=2614"}],"version-history":[{"count":51,"href":"https:\/\/landfrauenverein-merdingen.de\/index.php?rest_route=\/wp\/v2\/pages\/2614\/revisions"}],"predecessor-version":[{"id":3279,"href":"https:\/\/landfrauenverein-merdingen.de\/index.php?rest_route=\/wp\/v2\/pages\/2614\/revisions\/3279"}],"up":[{"embeddable":true,"href":"https:\/\/landfrauenverein-merdingen.de\/index.php?rest_route=\/wp\/v2\/pages\/2908"}],"wp:attachment":[{"href":"https:\/\/landfrauenverein-merdingen.de\/index.php?rest_route=%2Fwp%2Fv2%2Fmedia&parent=2614"}],"curies":[{"name":"wp","href":"https:\/\/api.w.org\/{rel}","templated":true}]}}