{"id":235,"date":"2015-12-07T09:17:35","date_gmt":"2015-12-07T08:17:35","guid":{"rendered":"http:\/\/landfrauenverein-merdingen.de\/?page_id=235"},"modified":"2025-03-18T10:30:15","modified_gmt":"2025-03-18T09:30:15","slug":"impressum","status":"publish","type":"page","link":"https:\/\/landfrauenverein-merdingen.de\/?page_id=235","title":{"rendered":"Impressum"},"content":{"rendered":"<h1><span style=\"color: #3b3b3b;\">LandFrauenverein Merdingen e.V.<\/span><\/h1>\n<h1><span style=\"color: #3b3b3b;\">Vorsitzende f\u00fcr \u00d6ffentlichkeitsarbeit<\/span><\/h1>\n<p>Vorstandssprecherin:<\/p>\n<p><a href=\"https:\/\/landfrauenverein-merdingen.de\/wp-content\/uploads\/2025\/03\/Sigrid-Schnurr-.jpg\"><img loading=\"lazy\" decoding=\"async\" class=\"alignnone size-full wp-image-3614\" src=\"https:\/\/landfrauenverein-merdingen.de\/wp-content\/uploads\/2025\/03\/Sigrid-Schnurr-.jpg\" alt=\"Kontaktadresse\" width=\"181\" height=\"156\" \/><\/a><\/p>\n<p>info@landfrauenverein-merdingen.de<\/p>\n<p>Die Inhalte und Bilder dieser Internetseite geh\u00f6ren ausschlie\u00dflich dem LandFrauenverein Merdingen e.V.\u00a0und d\u00fcrfen nur auf Anfrage und nur mit ausdr\u00fccklicher Erlaubnis weiter verwendet werden.<\/p>\n<p><strong>Links<\/strong><\/p>\n<p>F\u00fcr die Inhalte externer Links \u00fcbernehmen wir keinerlei Haftung . F\u00fcr den Inhalt der verlinkten Seiten sind ausschlie\u00dflich deren Betreiber verantwortlich.<\/p>\n<p><a href=\"https:\/\/landfrauenverein-merdingen.de\/?page_id=1606\"><span style=\"color: #0000ff;\"><strong>Datenschutzerkl\u00e4rung<\/strong><\/span><\/a><\/p>\n","protected":false},"excerpt":{"rendered":"<p>LandFrauenverein Merdingen e.V. Vorsitzende f\u00fcr \u00d6ffentlichkeitsarbeit Vorstandssprecherin: info@landfrauenverein-merdingen.de Die Inhalte und Bilder dieser Internetseite geh\u00f6ren ausschlie\u00dflich dem LandFrauenverein Merdingen e.V.\u00a0und d\u00fcrfen nur auf Anfrage und nur mit ausdr\u00fccklicher Erlaubnis weiter verwendet werden. Links F\u00fcr die Inhalte externer Links \u00fcbernehmen wir &hellip; <a href=\"https:\/\/landfrauenverein-merdingen.de\/?page_id=235\">Weiterlesen <span class=\"meta-nav\">&rarr;<\/span><\/a><\/p>\n","protected":false},"author":2,"featured_media":3614,"parent":202,"menu_order":0,"comment_status":"closed","ping_status":"closed","template":"sidebar-page.php","meta":{"footnotes":""},"class_list":["post-235","page","type-page","status-publish","has-post-thumbnail","hentry"],"_links":{"self":[{"href":"https:\/\/landfrauenverein-merdingen.de\/index.php?rest_route=\/wp\/v2\/pages\/235","targetHints":{"allow":["GET"]}}],"collection":[{"href":"https:\/\/landfrauenverein-merdingen.de\/index.php?rest_route=\/wp\/v2\/pages"}],"about":[{"href":"https:\/\/landfrauenverein-merdingen.de\/index.php?rest_route=\/wp\/v2\/types\/page"}],"author":[{"embeddable":true,"href":"https:\/\/landfrauenverein-merdingen.de\/index.php?rest_route=\/wp\/v2\/users\/2"}],"replies":[{"embeddable":true,"href":"https:\/\/landfrauenverein-merdingen.de\/index.php?rest_route=%2Fwp%2Fv2%2Fcomments&post=235"}],"version-history":[{"count":20,"href":"https:\/\/landfrauenverein-merdingen.de\/index.php?rest_route=\/wp\/v2\/pages\/235\/revisions"}],"predecessor-version":[{"id":3619,"href":"https:\/\/landfrauenverein-merdingen.de\/index.php?rest_route=\/wp\/v2\/pages\/235\/revisions\/3619"}],"up":[{"embeddable":true,"href":"https:\/\/landfrauenverein-merdingen.de\/index.php?rest_route=\/wp\/v2\/pages\/202"}],"wp:featuredmedia":[{"embeddable":true,"href":"https:\/\/landfrauenverein-merdingen.de\/index.php?rest_route=\/wp\/v2\/media\/3614"}],"wp:attachment":[{"href":"https:\/\/landfrauenverein-merdingen.de\/index.php?rest_route=%2Fwp%2Fv2%2Fmedia&parent=235"}],"curies":[{"name":"wp","href":"https:\/\/api.w.org\/{rel}","templated":true}]}}