{"id":202,"date":"2015-12-04T09:14:09","date_gmt":"2015-12-04T08:14:09","guid":{"rendered":"http:\/\/landfrauenverein-merdingen.de\/?page_id=202"},"modified":"2025-03-18T10:09:06","modified_gmt":"2025-03-18T09:09:06","slug":"kontakt","status":"publish","type":"page","link":"https:\/\/landfrauenverein-merdingen.de\/?page_id=202","title":{"rendered":"Kontakt"},"content":{"rendered":"\n<p><span style=\"color: #800000;\">LandFrauenverein Merdingen e.V. &nbsp; &nbsp; &nbsp; &nbsp; &nbsp; &nbsp; &nbsp; &nbsp; &nbsp; &nbsp;&nbsp;<strong><a href=\"https:\/\/landfrauenverein-merdingen.de\/?page_id=1606\"><span style=\"color: #ff0000;\"><span style=\"color: #0000ff;\"> Datenschutzerkl\u00e4rung<\/span><\/span><\/a><\/strong><\/span><\/p>\n\n\n\n<p><a href=\"mailto:info@landfrauenverein-merdingen.de\">info@landfrauenverein-merdingen.de<\/a><\/p>\n\n\n\n<p><span style=\"color: #800000;\">Vorsitzende f\u00fcr \u00d6ffentlichkeitsarbeit<\/span><\/p>\n\n\n\n<p><span style=\"color: #800000;\">Teamspecherin:<\/span><\/p>\n\n\n\n<figure class=\"wp-block-image size-full\"><img loading=\"lazy\" decoding=\"async\" width=\"181\" height=\"156\" src=\"https:\/\/landfrauenverein-merdingen.de\/wp-content\/uploads\/2025\/03\/Sigrid-Schnurr-.jpg\" alt=\"Kontakt\" class=\"wp-image-3614\"\/><\/figure>\n\n\n\n<p><\/p>\n\n\n\n<p>Unser<strong> LandFrauenraum<\/strong> ist in der Alten Schule in der Stockbrunnengasse 2.<\/p>\n\n\n\n<p>Hier finden die meisten unserer Veranstaltungen statt.<\/p>\n","protected":false},"excerpt":{"rendered":"<p>LandFrauenverein Merdingen e.V. &nbsp; &nbsp; &nbsp; &nbsp; &nbsp; &nbsp; &nbsp; &nbsp; &nbsp; &nbsp;&nbsp; Datenschutzerkl\u00e4rung info@landfrauenverein-merdingen.de Vorsitzende f\u00fcr \u00d6ffentlichkeitsarbeit Teamspecherin: Unser LandFrauenraum ist in der Alten Schule in der Stockbrunnengasse 2. Hier finden die meisten unserer Veranstaltungen statt.<\/p>\n","protected":false},"author":2,"featured_media":3614,"parent":0,"menu_order":0,"comment_status":"closed","ping_status":"closed","template":"","meta":{"footnotes":""},"class_list":["post-202","page","type-page","status-publish","has-post-thumbnail","hentry"],"_links":{"self":[{"href":"https:\/\/landfrauenverein-merdingen.de\/index.php?rest_route=\/wp\/v2\/pages\/202","targetHints":{"allow":["GET"]}}],"collection":[{"href":"https:\/\/landfrauenverein-merdingen.de\/index.php?rest_route=\/wp\/v2\/pages"}],"about":[{"href":"https:\/\/landfrauenverein-merdingen.de\/index.php?rest_route=\/wp\/v2\/types\/page"}],"author":[{"embeddable":true,"href":"https:\/\/landfrauenverein-merdingen.de\/index.php?rest_route=\/wp\/v2\/users\/2"}],"replies":[{"embeddable":true,"href":"https:\/\/landfrauenverein-merdingen.de\/index.php?rest_route=%2Fwp%2Fv2%2Fcomments&post=202"}],"version-history":[{"count":28,"href":"https:\/\/landfrauenverein-merdingen.de\/index.php?rest_route=\/wp\/v2\/pages\/202\/revisions"}],"predecessor-version":[{"id":3616,"href":"https:\/\/landfrauenverein-merdingen.de\/index.php?rest_route=\/wp\/v2\/pages\/202\/revisions\/3616"}],"wp:featuredmedia":[{"embeddable":true,"href":"https:\/\/landfrauenverein-merdingen.de\/index.php?rest_route=\/wp\/v2\/media\/3614"}],"wp:attachment":[{"href":"https:\/\/landfrauenverein-merdingen.de\/index.php?rest_route=%2Fwp%2Fv2%2Fmedia&parent=202"}],"curies":[{"name":"wp","href":"https:\/\/api.w.org\/{rel}","templated":true}]}}