{"id":170,"date":"2015-12-03T21:16:49","date_gmt":"2015-12-03T20:16:49","guid":{"rendered":"http:\/\/landfrauenverein-merdingen.de\/?page_id=170"},"modified":"2025-04-16T17:16:16","modified_gmt":"2025-04-16T15:16:16","slug":"vorstand","status":"publish","type":"page","link":"https:\/\/landfrauenverein-merdingen.de\/?page_id=170","title":{"rendered":"Vorstand"},"content":{"rendered":"\n<p><strong>Das Vorstandsteam ab 8. April 2025<\/strong><\/p>\n\n\n\n<p>Vorsitzende f\u00fcr \u00d6ffentlichkeitsarbeit und Vereinssprecherin: Sigrid Schnurr<\/p>\n\n\n\n<p>&nbsp;Vorsitzende f\u00fcr Veranstaltungen: Ilona Sch\u00e4chtele<\/p>\n\n\n\n<p>Vorsitzende f\u00fcr Finanzen: Grudrun Tr\u00f6ber <\/p>\n\n\n\n<p>Schriftf\u00fchrerin: Rebecca Geiger-Pohl<\/p>\n\n\n\n<p>Beisitzerinnen: Tanja Heckle, Kristina Jakobi, Andrea Stein, Melanie Schwehr-H\u00e4ssler<\/p>\n\n\n\n<p>Kassenpr\u00fcferinnen: Bettina R\u00f6der und Britta Schmidt<\/p>\n\n\n\n<figure class=\"wp-block-image size-full\"><a href=\"https:\/\/landfrauenverein-merdingen.de\/wp-content\/uploads\/2025\/04\/image.jpeg\"><img loading=\"lazy\" decoding=\"async\" width=\"824\" height=\"370\" src=\"https:\/\/landfrauenverein-merdingen.de\/wp-content\/uploads\/2025\/04\/image.jpeg\" alt=\"Dieses Bild hat ein leeres Alt-Attribut. Der Dateiname ist Neuer-Vorstand-2-2025.jpg\" class=\"wp-image-3737\" srcset=\"https:\/\/landfrauenverein-merdingen.de\/wp-content\/uploads\/2025\/04\/image.jpeg 824w, https:\/\/landfrauenverein-merdingen.de\/wp-content\/uploads\/2025\/04\/image-300x135.jpeg 300w, https:\/\/landfrauenverein-merdingen.de\/wp-content\/uploads\/2025\/04\/image-768x345.jpeg 768w, https:\/\/landfrauenverein-merdingen.de\/wp-content\/uploads\/2025\/04\/image-500x225.jpeg 500w\" sizes=\"auto, (max-width: 824px) 100vw, 824px\" \/><\/a><\/figure>\n\n\n\n<p>_________________________________________________________________________<\/p>\n\n\n\n<p><strong>Das Vorstandsteam ab 30. Juni 2022<\/strong><\/p>\n\n\n\n<p><\/p>\n\n\n<p>Alle drei Jahre wird das Vorstandsteam der LandFrauen Merdingen gew\u00e4hlt. Dieses setzt sich jetzt wie folgt zusammen:<\/p>\n<p>\u00a0Vorsitzende f\u00fcr \u00d6ffentlichkeitsarbeit und Vereinssprecherin: Sigrid Schnurr<\/p>\n<p>\u00a0Vorsitzende f\u00fcr Veranstaltungen: Ilona Sch\u00e4chtele<\/p>\n<p>Vorsitzende f\u00fcr Finanzen: Grudrun Tr\u00f6ber (neu)<\/p>\n<p>Schriftf\u00fchrerin: Rebecca Geiger-Pohl<\/p>\n<p>Beisitzerinnen: Andrea Speicher, Britta Schmidt, Tanja Heckle, Veronika M\u00f6ssner (Austritt 22.06.2023) und Kristina Jakobi<\/p>\n<p>Kassenpr\u00fcferinnen: Eleonore Hug und Iris Hofert<\/p>\n<\/p>\n<h1>Das Vorstandsteam am 26. April 2017<\/h1>\n<h1><a href=\"https:\/\/landfrauenverein-merdingen.de\/wp-content\/uploads\/2015\/12\/Vorstandschaft-Bank-630x529.png\"><img loading=\"lazy\" decoding=\"async\" class=\"alignnone wp-image-1230 size-full\" src=\"https:\/\/landfrauenverein-merdingen.de\/wp-content\/uploads\/2015\/12\/Vorstandschaft-Bank-630x529.png\" alt=\"vorstandschaft-bank-630x529\" width=\"630\" height=\"529\" srcset=\"https:\/\/landfrauenverein-merdingen.de\/wp-content\/uploads\/2015\/12\/Vorstandschaft-Bank-630x529.png 630w, https:\/\/landfrauenverein-merdingen.de\/wp-content\/uploads\/2015\/12\/Vorstandschaft-Bank-630x529-300x252.png 300w, https:\/\/landfrauenverein-merdingen.de\/wp-content\/uploads\/2015\/12\/Vorstandschaft-Bank-630x529-357x300.png 357w\" sizes=\"auto, (max-width: 630px) 100vw, 630px\" \/><\/a><\/h1>\n<h1>Das Vorstandsteam ab 11. Mai 2016<\/h1>\n<p><a href=\"https:\/\/landfrauenverein-merdingen.de\/wp-content\/uploads\/2015\/12\/Neue-Vorstandschaft-2016.jpg\"><img loading=\"lazy\" decoding=\"async\" class=\"alignnone wp-image-681 size-full\" src=\"https:\/\/landfrauenverein-merdingen.de\/wp-content\/uploads\/2015\/12\/Neue-Vorstandschaft-2016.jpg\" alt=\"Neue Vorstandschaft 2016\" width=\"640\" height=\"549\" srcset=\"https:\/\/landfrauenverein-merdingen.de\/wp-content\/uploads\/2015\/12\/Neue-Vorstandschaft-2016.jpg 640w, https:\/\/landfrauenverein-merdingen.de\/wp-content\/uploads\/2015\/12\/Neue-Vorstandschaft-2016-300x257.jpg 300w, https:\/\/landfrauenverein-merdingen.de\/wp-content\/uploads\/2015\/12\/Neue-Vorstandschaft-2016-350x300.jpg 350w\" sizes=\"auto, (max-width: 640px) 100vw, 640px\" \/><\/a><\/p>\n<p>Das Vorstandsteam:<\/p>\n<p><span style=\"color: #000000;\">\u00d6ffentlichkeitsarbeit:\u00a0\u00a0\u00a0 Sigrid Schnurr<\/span><\/p>\n<p><span style=\"color: #000000;\">Finanzen, Kasse:\u00a0\u00a0\u00a0\u00a0\u00a0\u00a0\u00a0\u00a0 Sabine Wirth<\/span><\/p>\n<p><span style=\"color: #000000;\">Veranstaltungen:\u00a0\u00a0\u00a0\u00a0\u00a0\u00a0\u00a0\u00a0\u00a0Ilona Sch\u00e4chtele<\/span><\/p>\n<p>Beisitzerin:\u00a0\u00a0\u00a0\u00a0\u00a0\u00a0\u00a0\u00a0\u00a0\u00a0\u00a0\u00a0\u00a0\u00a0\u00a0\u00a0\u00a0\u00a0Andrea Speicher<\/p>\n<p>Beisitzerin:\u00a0\u00a0\u00a0\u00a0\u00a0\u00a0\u00a0\u00a0\u00a0\u00a0\u00a0\u00a0\u00a0\u00a0\u00a0\u00a0\u00a0 Veronika M\u00f6ssner<\/p>\n<p>Beisitzerin:\u00a0\u00a0\u00a0\u00a0\u00a0\u00a0\u00a0\u00a0\u00a0\u00a0\u00a0\u00a0\u00a0\u00a0\u00a0\u00a0 \u00a0Britta Schmidt<\/p>\n<p>Beisitzerin:\u00a0\u00a0\u00a0\u00a0\u00a0\u00a0\u00a0\u00a0\u00a0\u00a0\u00a0\u00a0\u00a0\u00a0\u00a0\u00a0\u00a0Tanja Heckle<\/p>\n<p>Beisitzerin:\u00a0\u00a0\u00a0\u00a0\u00a0\u00a0\u00a0\u00a0\u00a0\u00a0\u00a0\u00a0\u00a0\u00a0\u00a0\u00a0\u00a0Rebecca Pohl<\/p>\n<\/p>\n<p><strong>Das Vorstandsteam bis zum 11. Mai 2016<\/strong><\/p>\n<p><a href=\"https:\/\/landfrauenverein-merdingen.de\/wp-content\/uploads\/2015\/12\/Vorstandschaft2.jpg\"><img loading=\"lazy\" decoding=\"async\" class=\"alignnone wp-image-174 size-full\" src=\"https:\/\/landfrauenverein-merdingen.de\/wp-content\/uploads\/2015\/12\/Vorstandschaft2.jpg\" alt=\"Vorstandschaft2\" width=\"480\" height=\"390\" srcset=\"https:\/\/landfrauenverein-merdingen.de\/wp-content\/uploads\/2015\/12\/Vorstandschaft2.jpg 480w, https:\/\/landfrauenverein-merdingen.de\/wp-content\/uploads\/2015\/12\/Vorstandschaft2-300x244.jpg 300w, https:\/\/landfrauenverein-merdingen.de\/wp-content\/uploads\/2015\/12\/Vorstandschaft2-369x300.jpg 369w\" sizes=\"auto, (max-width: 480px) 100vw, 480px\" \/><\/a><\/p>\n<p><span style=\"font-size: small;\"><span style=\"font-family: Arial, Helvetica, Verdana, Sans Serif;\">Von links: Sigrid Schnurr, Sabine Wirth, Ursula Zierer, Rita Ehret, Karin Wochner, Ilona\u00a0Sch\u00e4chtele.\u00a0\u00a0\u00a0\u00a0\u00a0\u00a0 <\/span><span style=\"font-family: Arial, Helvetica, Verdana, Sans Serif; font-size: small;\">Andrea Speicher und Veronika M\u00f6ssner fehlen auf dem Bild<\/span><\/span><\/p>\n<ol>\n<li>\n<h1>Vorsitzende\u00a0\u00a0\u00a0\u00a0\u00a0 \u00a0Rita Ehret<\/h1>\n<\/li>\n<li>Vorsitzende\u00a0\u00a0\u00a0\u00a0\u00a0\u00a0\u00a0 Ilona Sch\u00e4chtele<\/li>\n<\/ol>\n<p>Rechnerin:\u00a0\u00a0\u00a0\u00a0\u00a0\u00a0\u00a0\u00a0\u00a0\u00a0\u00a0\u00a0\u00a0\u00a0\u00a0\u00a0\u00a0 Karin Wochner<\/p>\n<p>Schriftf\u00fchrerin:\u00a0\u00a0\u00a0\u00a0\u00a0\u00a0\u00a0\u00a0\u00a0\u00a0\u00a0\u00a0Sigrid Schnurr<\/p>\n<p><span style=\"text-decoration: underline;\"> Beisitzerinnen:<\/span><\/p>\n<p>Andrea Speicher<\/p>\n<p>Ursula Zierer<\/p>\n<p>Veronika M\u00f6ssner<\/p>\n<p>Sabine Wirth<\/p>\n<\/p>","protected":false},"excerpt":{"rendered":"<p>Das Vorstandsteam ab 8. April 2025 Vorsitzende f\u00fcr \u00d6ffentlichkeitsarbeit und Vereinssprecherin: Sigrid Schnurr &nbsp;Vorsitzende f\u00fcr Veranstaltungen: Ilona Sch\u00e4chtele Vorsitzende f\u00fcr Finanzen: Grudrun Tr\u00f6ber Schriftf\u00fchrerin: Rebecca Geiger-Pohl Beisitzerinnen: Tanja Heckle, Kristina Jakobi, Andrea Stein, Melanie Schwehr-H\u00e4ssler Kassenpr\u00fcferinnen: Bettina R\u00f6der und Britta &hellip; <a href=\"https:\/\/landfrauenverein-merdingen.de\/?page_id=170\">Weiterlesen <span class=\"meta-nav\">&rarr;<\/span><\/a><\/p>\n","protected":false},"author":2,"featured_media":0,"parent":0,"menu_order":0,"comment_status":"closed","ping_status":"closed","template":"","meta":{"footnotes":""},"class_list":["post-170","page","type-page","status-publish","hentry"],"_links":{"self":[{"href":"https:\/\/landfrauenverein-merdingen.de\/index.php?rest_route=\/wp\/v2\/pages\/170","targetHints":{"allow":["GET"]}}],"collection":[{"href":"https:\/\/landfrauenverein-merdingen.de\/index.php?rest_route=\/wp\/v2\/pages"}],"about":[{"href":"https:\/\/landfrauenverein-merdingen.de\/index.php?rest_route=\/wp\/v2\/types\/page"}],"author":[{"embeddable":true,"href":"https:\/\/landfrauenverein-merdingen.de\/index.php?rest_route=\/wp\/v2\/users\/2"}],"replies":[{"embeddable":true,"href":"https:\/\/landfrauenverein-merdingen.de\/index.php?rest_route=%2Fwp%2Fv2%2Fcomments&post=170"}],"version-history":[{"count":16,"href":"https:\/\/landfrauenverein-merdingen.de\/index.php?rest_route=\/wp\/v2\/pages\/170\/revisions"}],"predecessor-version":[{"id":3769,"href":"https:\/\/landfrauenverein-merdingen.de\/index.php?rest_route=\/wp\/v2\/pages\/170\/revisions\/3769"}],"wp:attachment":[{"href":"https:\/\/landfrauenverein-merdingen.de\/index.php?rest_route=%2Fwp%2Fv2%2Fmedia&parent=170"}],"curies":[{"name":"wp","href":"https:\/\/api.w.org\/{rel}","templated":true}]}}