{"id":1606,"date":"2018-05-24T16:17:27","date_gmt":"2018-05-24T14:17:27","guid":{"rendered":"http:\/\/landfrauenverein-merdingen.de\/?page_id=1606"},"modified":"2018-06-24T16:41:13","modified_gmt":"2018-06-24T14:41:13","slug":"datenschutzerklaerung","status":"publish","type":"page","link":"https:\/\/landfrauenverein-merdingen.de\/?page_id=1606","title":{"rendered":"Datenschutzerkl\u00e4rung"},"content":{"rendered":"<p><strong>Datenschutzerkl\u00e4rung &#8211; DSGVO<\/strong><br \/>\nIn der Datenschutzerkl\u00e4rung m\u00fcssen Besucher und Nutzer einer Webseite verst\u00e4ndlich dar\u00fcber aufgekl\u00e4rt werden, welche ihrer Daten erhoben und wie diese verwendet werden.<\/p>\n<p>Diese Datenschutzerkl\u00e4rung kl\u00e4rt Nutzer \u00fcber die Art, den Umfang und Zwecke der Erhebung und Verwendung personenbezogener Daten durch den Anbieter auf dieser Webseite des LandFrauenvereins Merdingen &#8222;www.landfrauenverein-merdingen.de&#8220; (im folgenden Text \u201eAnbieter&#8220; genannt) auf.<br \/>\nDie rechtlichen Grundlagen des Datenschutzes finden sich im Bundesdatenschutzgesetz (BDSG) und dem Telemediengesetz (TMG).<\/p>\n<p><strong>Umgang mit personenbezogenen Daten<\/strong><br \/>\nPersonenbezogene Daten sind Informationen, mit deren Hilfe eine Person bestimmbar ist, also Angaben, die zur\u00fcck zu einer Person verfolgt werden k\u00f6nnen. Dazu geh\u00f6ren der Name, die E-Mail Adresse oder die Telefonnummer. Aber auch Daten \u00fcber Vorlieben, Hobbies, Mitgliedschaften oder welche Webseiten von jemandem angesehen wurden z\u00e4hlen zu personenbezogenen Daten.<\/p>\n<p>&#8211; Die Website des Landfrauenvereins nutzt die Internetseite nicht zur Vereins- und Mitgliederverwaltung.<br \/>\nEs werden keine Daten oder Adressen der Mitglieder erfasst, verwendet und gespeichert.<br \/>\nEs gibt keine Kontaktformulare, Kommentarfunktionen und Logins.<\/p>\n<p><strong>Zugriffsdaten\/Server- Logfiles<\/strong><\/p>\n<p>Der Anbieter (beziehungsweise <strong>sein Webspace- Provider<\/strong>) erhebt Daten \u00fcber jeden Zugriff auf das Angebot (so genannte Serverlogfiles). Zu den Zugriffsdaten geh\u00f6ren:<br \/>\nName der abgerufenen Webseite, Datei, Datum und Uhrzeit des Abrufs, \u00fcbertragene Datenmenge, Meldung \u00fcber erfolgreichen Abruf, Browsertyp nebst Version, das Betriebssystem des Nutzers, Referrer URL (die zuvor besuchte Seite), IP- Adresse und der anfragende Provider.<br \/>\nDer Anbieter verwendet die Protokolldaten nur f\u00fcr statistische Auswertungen zum Zweck des Betriebs, der Sicherheit und der Optimierung des Angebotes. Der Anbieterbeh\u00e4lt sich jedoch vor, die Protokolldaten nachtr\u00e4glich zu \u00fcberpr\u00fcfen, wenn aufgrund konkreter Anhaltspunkte der berechtigte Verdacht einer rechtswidrigen Nutzung besteht.<\/p>\n<p><strong>Einbindung von Diensten und Inhalten Dritter<\/strong><br \/>\nEs kann vorkommen, dass innerhalb dieses Onlineangebotes Inhalte Dritter, wie zum Beispiel Videos von YouTube, Kartenmaterial von Google- Maps, RSS- Feeds oder Grafiken von anderen Webseiten eingebunden werden. Dies setzt immer voraus, dass die Anbieter dieser Inhalte (nachfolgend bezeichnet als \u201eDritt- Anbieter\u201c) die IP- Adresse der Nutzer wahr nehmen. Denn ohne die IP- Adresse, k\u00f6nnten sie die Inhalte nicht an den Browser des jeweiligen Nutzers senden. Die IP- Adresse ist damit f\u00fcr die Darstellung dieser Inhalte erforderlich. Wir bem\u00fchen uns nur solche Inhalte zu verwenden, deren jeweilige Anbieter die IP- Adresse lediglich zur Auslieferung der Inhalte verwenden. Jedoch haben wir keinen Einfluss darauf, falls die Dritt- Anbieter die IP- Adresse z.B. f\u00fcr statistische Zwecke speichern. Soweit dies uns bekannt ist, kl\u00e4ren wir die Nutzer dar\u00fcber auf.<br \/>\n<strong>Cookies<\/strong><br \/>\nCookies sind kleine Dateien, die es erm\u00f6glichen, auf dem Zugriffsger\u00e4t der Nutzer (PC, Smartphone o.\u00e4.) spezifische, auf das Ger\u00e4t bezogene Informationen zu speichern. Sie dienen zum einem der Benutzerfreundlichkeit von Webseiten und damit den Nutzern (z.B. Speicherung von Logindaten). Zum anderen dienen sie, um die statistischen Daten der Webseitennutzung zu erfassen und sie zwecks Verbesserung des Angebotes analysieren zu k\u00f6nnen. Die Nutzer k\u00f6nnen auf den Einsatz der Cookies Einfluss nehmen. Die meisten Browser verf\u00fcgen eine Option mit der das Speichern von Cookies eingeschr\u00e4nkt oder komplett verhindert wird. Allerdings wird darauf hingewiesen, dass die Nutzung und insbesondere der Nutzungskomfort ohne Cookies eingeschr\u00e4nkt werden.<br \/>\n<strong>Widerruf, \u00c4nderungen, Berichtigungen und Aktualisierungen<\/strong><br \/>\nDer Nutzer hat das Recht, auf Antrag unentgeltlich Auskunft zu erhalten \u00fcber die personenbezogenen Daten, die \u00fcber ihn gespeichert wurden. Zus\u00e4tzlich hat der Nutzer das Recht auf Berichtigung unrichtiger Daten, Sperrung und L\u00f6schung seiner personenbezogenen Daten, soweit dem keine gesetzliche Aufbewahrungspflicht entgegensteht.<\/p>\n","protected":false},"excerpt":{"rendered":"<p>Datenschutzerkl\u00e4rung &#8211; DSGVO In der Datenschutzerkl\u00e4rung m\u00fcssen Besucher und Nutzer einer Webseite verst\u00e4ndlich dar\u00fcber aufgekl\u00e4rt werden, welche ihrer Daten erhoben und wie diese verwendet werden. Diese Datenschutzerkl\u00e4rung kl\u00e4rt Nutzer \u00fcber die Art, den Umfang und Zwecke der Erhebung und Verwendung &hellip; <a href=\"https:\/\/landfrauenverein-merdingen.de\/?page_id=1606\">Weiterlesen <span class=\"meta-nav\">&rarr;<\/span><\/a><\/p>\n","protected":false},"author":2,"featured_media":0,"parent":202,"menu_order":0,"comment_status":"closed","ping_status":"closed","template":"","meta":{"footnotes":""},"class_list":["post-1606","page","type-page","status-publish","hentry"],"_links":{"self":[{"href":"https:\/\/landfrauenverein-merdingen.de\/index.php?rest_route=\/wp\/v2\/pages\/1606","targetHints":{"allow":["GET"]}}],"collection":[{"href":"https:\/\/landfrauenverein-merdingen.de\/index.php?rest_route=\/wp\/v2\/pages"}],"about":[{"href":"https:\/\/landfrauenverein-merdingen.de\/index.php?rest_route=\/wp\/v2\/types\/page"}],"author":[{"embeddable":true,"href":"https:\/\/landfrauenverein-merdingen.de\/index.php?rest_route=\/wp\/v2\/users\/2"}],"replies":[{"embeddable":true,"href":"https:\/\/landfrauenverein-merdingen.de\/index.php?rest_route=%2Fwp%2Fv2%2Fcomments&post=1606"}],"version-history":[{"count":5,"href":"https:\/\/landfrauenverein-merdingen.de\/index.php?rest_route=\/wp\/v2\/pages\/1606\/revisions"}],"predecessor-version":[{"id":1614,"href":"https:\/\/landfrauenverein-merdingen.de\/index.php?rest_route=\/wp\/v2\/pages\/1606\/revisions\/1614"}],"up":[{"embeddable":true,"href":"https:\/\/landfrauenverein-merdingen.de\/index.php?rest_route=\/wp\/v2\/pages\/202"}],"wp:attachment":[{"href":"https:\/\/landfrauenverein-merdingen.de\/index.php?rest_route=%2Fwp%2Fv2%2Fmedia&parent=1606"}],"curies":[{"name":"wp","href":"https:\/\/api.w.org\/{rel}","templated":true}]}}