{"id":156,"date":"2015-12-03T17:29:09","date_gmt":"2015-12-03T16:29:09","guid":{"rendered":"http:\/\/landfrauenverein-merdingen.de\/?page_id=156"},"modified":"2015-12-03T17:29:09","modified_gmt":"2015-12-03T16:29:09","slug":"vereinsgeschichte","status":"publish","type":"page","link":"https:\/\/landfrauenverein-merdingen.de\/?page_id=156","title":{"rendered":"Vereinsgeschichte"},"content":{"rendered":"<p><strong>LandFrauenverein Merdingen e.V.<\/strong><\/p>\n<p>1968 Gr\u00fcndung, 32 Gr\u00fcndungsmitglieder<\/p>\n<p>1993 konnten wir unseren eigenen Landfrauenraum in der alten Schule beziehen.<\/p>\n<p>2001 stellten wir erstmals unsere, nach alten Vorbildern gen\u00e4hten Trachten vor.<\/p>\n<p>2001 werden wir ein eingetragener gemeinn\u00fctziger Verein.<\/p>\n<p>2004 sind wir 136 Mitglieder<\/p>\n<p>2004 erstellen wir eine eigene Homepage<\/p>\n<p><strong>Gr\u00fcndugsgeschichte unseres Vereines<\/strong><\/p>\n<p>am 12. Dezember 1968 trafen sich im Gruppenraum der Landjugend 25 Frauen um den Landfrauenverein zu gr\u00fcnden. Die Idee hierf\u00fcr entstand schon zwei Jahre vorher bei einem N\u00e4hkurs. Die Gr\u00fcndungsversammlung konnte aber wegen der in unserem Bezirk ausgebrochenen Maul-und Klauenseuche nicht stattfinden.<\/p>\n<p>Ein Schlacht und Gefrierkurs durchgef\u00fchrt vom Landwirtschaftsamt brachte die Gr\u00fcndung wieder ins Rollen. Damals wurde auch die Frauengymnastik eingef\u00fchrt, die heute noch jeden Mittwoch stattfindet.<\/p>\n<p>Aus all diesen Aktivit\u00e4ten entstand unser Landfrauenverein. Die meisten N\u00e4hkursteilnehmerinnen machten bei dem nun offiziell gegr\u00fcndeten Verein mit, so dass im Gr\u00fcndungsjahr 32 Gr\u00fcndungsmitglieder zu verzeichnen waren.<\/p>\n<p>Im Beisein der Landfrauen Gesch\u00e4ftsf\u00fchrerin Frau Verena Galler wurde als Vorsitzende Gerda K\u00fcmmerle, als Stellvertreterin Veronika Kraft und als Rechnerin Veronika Schopp gew\u00e4hlt.<\/p>\n","protected":false},"excerpt":{"rendered":"<p>LandFrauenverein Merdingen e.V. 1968 Gr\u00fcndung, 32 Gr\u00fcndungsmitglieder 1993 konnten wir unseren eigenen Landfrauenraum in der alten Schule beziehen. 2001 stellten wir erstmals unsere, nach alten Vorbildern gen\u00e4hten Trachten vor. 2001 werden wir ein eingetragener gemeinn\u00fctziger Verein. 2004 sind wir 136 &hellip; <a href=\"https:\/\/landfrauenverein-merdingen.de\/?page_id=156\">Weiterlesen <span class=\"meta-nav\">&rarr;<\/span><\/a><\/p>\n","protected":false},"author":2,"featured_media":0,"parent":152,"menu_order":0,"comment_status":"closed","ping_status":"closed","template":"","meta":{"footnotes":""},"class_list":["post-156","page","type-page","status-publish","hentry"],"_links":{"self":[{"href":"https:\/\/landfrauenverein-merdingen.de\/index.php?rest_route=\/wp\/v2\/pages\/156","targetHints":{"allow":["GET"]}}],"collection":[{"href":"https:\/\/landfrauenverein-merdingen.de\/index.php?rest_route=\/wp\/v2\/pages"}],"about":[{"href":"https:\/\/landfrauenverein-merdingen.de\/index.php?rest_route=\/wp\/v2\/types\/page"}],"author":[{"embeddable":true,"href":"https:\/\/landfrauenverein-merdingen.de\/index.php?rest_route=\/wp\/v2\/users\/2"}],"replies":[{"embeddable":true,"href":"https:\/\/landfrauenverein-merdingen.de\/index.php?rest_route=%2Fwp%2Fv2%2Fcomments&post=156"}],"version-history":[{"count":3,"href":"https:\/\/landfrauenverein-merdingen.de\/index.php?rest_route=\/wp\/v2\/pages\/156\/revisions"}],"predecessor-version":[{"id":165,"href":"https:\/\/landfrauenverein-merdingen.de\/index.php?rest_route=\/wp\/v2\/pages\/156\/revisions\/165"}],"up":[{"embeddable":true,"href":"https:\/\/landfrauenverein-merdingen.de\/index.php?rest_route=\/wp\/v2\/pages\/152"}],"wp:attachment":[{"href":"https:\/\/landfrauenverein-merdingen.de\/index.php?rest_route=%2Fwp%2Fv2%2Fmedia&parent=156"}],"curies":[{"name":"wp","href":"https:\/\/api.w.org\/{rel}","templated":true}]}}