{"id":152,"date":"2015-12-03T17:15:50","date_gmt":"2015-12-03T16:15:50","guid":{"rendered":"http:\/\/landfrauenverein-merdingen.de\/?page_id=152"},"modified":"2022-06-19T22:37:11","modified_gmt":"2022-06-19T20:37:11","slug":"ueber-uns","status":"publish","type":"page","link":"https:\/\/landfrauenverein-merdingen.de\/?page_id=152","title":{"rendered":"\u00dcber uns"},"content":{"rendered":"<p><strong>Wir<\/strong> sind ein Verein f\u00fcr&nbsp;alle Frauen im Dorf<\/p>\n<p><strong>Wir<\/strong> sind LandFrauen<\/p>\n<p><strong>Wir <\/strong>sind&nbsp;interessiert, engagiert und aufgeschlossen<\/p>\n<p><strong>Wir<\/strong> lieben Spa\u00df und Geselligkeit<\/p>\n<p><strong>Wir<\/strong> sind ein Erwachsenenbildungstr\u00e4ger<\/p>\n<p><strong>Wir<\/strong> engagieren uns in der Gemeinde<\/p>\n<p><strong>Wir<\/strong>, mit unserer Trachtengruppe pflegen Tradition und Brauchtum<\/p>\n<p><strong>Wir<\/strong>&nbsp;haben etwa 130 Mitglieder<\/p>\n<p><strong>Wir<\/strong> freuen uns jederzeit \u00fcber neue Mitglieder<\/p>\n<p><strong>Wir bieten&nbsp;&nbsp;<\/strong><\/p>\n<p>Vortr\u00e4ge und Kurse zu aktuellen Themen<\/p>\n<p>z.B.: Gesundheit,&nbsp; Ern\u00e4hrung, Erziehung,&nbsp;Gesellschaftspolitik,&nbsp;Kulturelles, Kreativkurse,&nbsp;Gymnastik, Kochkurse,&nbsp; Ausfl\u00fcge, Lehrfahrten, Geselliges und vor allem, <strong>Wir<\/strong> sind eine nette Gemeinschaft.<\/p>\n<table width=\"400\">\n<tbody>\n<tr>\n<td><\/td>\n<\/tr>\n<tr>\n<td>\n<h1><span style=\"color: #333333;\"><strong>Unsere Ziele und Aufgaben<\/strong><\/span><\/h1>\n<\/td>\n<\/tr>\n<tr>\n<td>\n<h2><span style=\"color: #333333;\">Auszug aus der Vereinssatzung:<\/span><\/h2>\n<p>Die F\u00f6rderung von Bildung und Erziehung<\/p>\n<p>\u00b7&nbsp;&nbsp;&nbsp;&nbsp;&nbsp;&nbsp;&nbsp;&nbsp;&nbsp; Die F\u00f6rderung der \u00f6ffentlichen Gesundheitspflege<\/p>\n<p>\u00b7&nbsp;&nbsp;&nbsp;&nbsp;&nbsp;&nbsp;&nbsp;&nbsp;&nbsp; Die F\u00f6rderung kultureller Zwecke<\/p>\n<p>\u00b7&nbsp;&nbsp;&nbsp;&nbsp;&nbsp;&nbsp;&nbsp;&nbsp;&nbsp; Die Erhaltung des Dorfes als Lebensraum<\/p>\n<p>Der Satzungszweck wird insbesondere verwirklicht<\/p>\n<p>durch jedermann zug\u00e4ngliche Veranstaltungen in Form von Seminaren, Kursen, Lehrg\u00e4ngen, Vortr\u00e4gen und Vortragsreihen, die sich insbesondere mit sozialen, soziologischen, p\u00e4dagogischen, medizinischen, \u00f6kologischen und kulturellen Themen der Bev\u00f6lkerung befassen<\/p>\n<p>\u00b7&nbsp;&nbsp;&nbsp;&nbsp;&nbsp;&nbsp;&nbsp;&nbsp;&nbsp; durch die Organisation und Durchf\u00fchrung von Gymnastikkursen<\/p>\n<p>\u00b7&nbsp;&nbsp;&nbsp;&nbsp;&nbsp;&nbsp;&nbsp;&nbsp;&nbsp; durch Lehrfahrten, Projekte und Aktivit\u00e4ten im Dorf<\/p>\n<p>Au\u00dferdem unterst\u00fctzen wir die Ziele unseres Verbandes<\/p>\n<p>Wir sind Mitglied im <span style=\"color: #ff0000;\"><a style=\"color: #ff0000;\" href=\"http:\/\/www.landfrauenverband-suedbaden.de\/\">LandFrauenverband S\u00fcdbaden<\/a><\/span><\/td>\n<\/tr>\n<\/tbody>\n<\/table>\n<p><strong>Unsere Heimat ist Merdingen,<\/strong><span style=\"color: #ff0000;\"> <a style=\"color: #ff0000;\" href=\"http:\/\/www.merdingen.de\/\"><u>www.merdingen.de<\/u><\/a>&nbsp;<\/span>eine Weinbaugemeinde am Tuniberg mit herrlicher Barockkirche, ca.2600 Einwohner<strong>, <\/strong>15 km von Freiburg, 10 km von Frankreich, 60 km von der Schweiz entfernt in Baden-W\u00fcrttemberg.<img loading=\"lazy\" decoding=\"async\" class=\"alignnone size-medium wp-image-154\" src=\"https:\/\/landfrauenverein-merdingen.de\/wp-content\/uploads\/2015\/12\/DorfUberblick-300x225.jpg\" alt=\"DorfUberblick\" width=\"300\" height=\"225\" srcset=\"https:\/\/landfrauenverein-merdingen.de\/wp-content\/uploads\/2015\/12\/DorfUberblick-300x225.jpg 300w, https:\/\/landfrauenverein-merdingen.de\/wp-content\/uploads\/2015\/12\/DorfUberblick.jpg 320w\" sizes=\"auto, (max-width: 300px) 100vw, 300px\" \/><\/p>\n<table width=\"400\">\n<tbody>\n<tr>\n<td><\/td>\n<\/tr>\n<tr>\n<td><\/td>\n<\/tr>\n<tr>\n<td><\/td>\n<\/tr>\n<\/tbody>\n<\/table>\n<p>&nbsp;<\/p>\n","protected":false},"excerpt":{"rendered":"<p>Wir sind ein Verein f\u00fcr&nbsp;alle Frauen im Dorf Wir sind LandFrauen Wir sind&nbsp;interessiert, engagiert und aufgeschlossen Wir lieben Spa\u00df und Geselligkeit Wir sind ein Erwachsenenbildungstr\u00e4ger Wir engagieren uns in der Gemeinde Wir, mit unserer Trachtengruppe pflegen Tradition und Brauchtum Wir&nbsp;haben &hellip; <a href=\"https:\/\/landfrauenverein-merdingen.de\/?page_id=152\">Weiterlesen <span class=\"meta-nav\">&rarr;<\/span><\/a><\/p>\n","protected":false},"author":2,"featured_media":0,"parent":0,"menu_order":0,"comment_status":"closed","ping_status":"closed","template":"","meta":{"footnotes":""},"class_list":["post-152","page","type-page","status-publish","hentry"],"_links":{"self":[{"href":"https:\/\/landfrauenverein-merdingen.de\/index.php?rest_route=\/wp\/v2\/pages\/152","targetHints":{"allow":["GET"]}}],"collection":[{"href":"https:\/\/landfrauenverein-merdingen.de\/index.php?rest_route=\/wp\/v2\/pages"}],"about":[{"href":"https:\/\/landfrauenverein-merdingen.de\/index.php?rest_route=\/wp\/v2\/types\/page"}],"author":[{"embeddable":true,"href":"https:\/\/landfrauenverein-merdingen.de\/index.php?rest_route=\/wp\/v2\/users\/2"}],"replies":[{"embeddable":true,"href":"https:\/\/landfrauenverein-merdingen.de\/index.php?rest_route=%2Fwp%2Fv2%2Fcomments&post=152"}],"version-history":[{"count":18,"href":"https:\/\/landfrauenverein-merdingen.de\/index.php?rest_route=\/wp\/v2\/pages\/152\/revisions"}],"predecessor-version":[{"id":2936,"href":"https:\/\/landfrauenverein-merdingen.de\/index.php?rest_route=\/wp\/v2\/pages\/152\/revisions\/2936"}],"wp:attachment":[{"href":"https:\/\/landfrauenverein-merdingen.de\/index.php?rest_route=%2Fwp%2Fv2%2Fmedia&parent=152"}],"curies":[{"name":"wp","href":"https:\/\/api.w.org\/{rel}","templated":true}]}}